{"id":22,"date":"2020-01-07T09:40:30","date_gmt":"2020-01-07T09:40:30","guid":{"rendered":"http:\/\/dragonfoods.com.mx\/CarlsJr\/?page_id=22"},"modified":"2024-08-29T18:38:30","modified_gmt":"2024-08-30T00:38:30","slug":"contact-us","status":"publish","type":"page","link":"https:\/\/dragonfoods.com.mx\/CarlsJr\/contact-us\/","title":{"rendered":"Contacto"},"content":{"rendered":"\t\t<div data-elementor-type=\"wp-page\" data-elementor-id=\"22\" class=\"elementor elementor-22\">\n\t\t\t\t\t\t<section class=\"elementor-section elementor-top-section elementor-element elementor-element-dbb6683 elementor-section-boxed elementor-section-height-default elementor-section-height-default\" data-id=\"dbb6683\" data-element_type=\"section\" data-e-type=\"section\">\n\t\t\t\t\t\t<div class=\"elementor-container elementor-column-gap-default\">\n\t\t\t\t\t<div class=\"elementor-column elementor-col-100 elementor-top-column elementor-element elementor-element-fd9fa87\" data-id=\"fd9fa87\" data-element_type=\"column\" data-e-type=\"column\">\n\t\t\t<div class=\"elementor-widget-wrap elementor-element-populated\">\n\t\t\t\t\t\t<div class=\"elementor-element elementor-element-40da457 elementor-widget elementor-widget-heading\" data-id=\"40da457\" data-element_type=\"widget\" data-e-type=\"widget\" data-widget_type=\"heading.default\">\n\t\t\t\t<div class=\"elementor-widget-container\">\n\t\t\t\t\t<h1 class=\"elementor-heading-title elementor-size-default\">CONT\u00c1CTANOS<\/h1>\t\t\t\t<\/div>\n\t\t\t\t<\/div>\n\t\t\t\t\t<\/div>\n\t\t<\/div>\n\t\t\t\t\t<\/div>\n\t\t<\/section>\n\t\t\t\t<section class=\"elementor-section elementor-top-section elementor-element elementor-element-6c5ce85e elementor-section-content-middle elementor-section-full_width elementor-section-stretched elementor-section-height-default elementor-section-height-default\" data-id=\"6c5ce85e\" data-element_type=\"section\" data-e-type=\"section\" data-settings=\"{&quot;background_background&quot;:&quot;classic&quot;,&quot;stretch_section&quot;:&quot;section-stretched&quot;}\">\n\t\t\t\t\t\t<div class=\"elementor-container elementor-column-gap-no\">\n\t\t\t\t\t<div class=\"elementor-column elementor-col-50 elementor-top-column elementor-element elementor-element-480fa2a1\" data-id=\"480fa2a1\" data-element_type=\"column\" data-e-type=\"column\">\n\t\t\t<div class=\"elementor-widget-wrap elementor-element-populated\">\n\t\t\t\t\t\t<div class=\"elementor-element elementor-element-1d552fc0 elementor-widget elementor-widget-heading\" data-id=\"1d552fc0\" data-element_type=\"widget\" data-e-type=\"widget\" data-widget_type=\"heading.default\">\n\t\t\t\t<div class=\"elementor-widget-container\">\n\t\t\t\t\t<h6 class=\"elementor-heading-title elementor-size-default\">CONTACTO<\/h6>\t\t\t\t<\/div>\n\t\t\t\t<\/div>\n\t\t\t\t<div class=\"elementor-element elementor-element-1448467e elementor-widget elementor-widget-heading\" data-id=\"1448467e\" data-element_type=\"widget\" data-e-type=\"widget\" data-widget_type=\"heading.default\">\n\t\t\t\t<div class=\"elementor-widget-container\">\n\t\t\t\t\t<h6 class=\"elementor-heading-title elementor-size-default\">55 5373 1995<\/h6>\t\t\t\t<\/div>\n\t\t\t\t<\/div>\n\t\t\t\t<div class=\"elementor-element elementor-element-39d91295 elementor-widget elementor-widget-heading\" data-id=\"39d91295\" data-element_type=\"widget\" data-e-type=\"widget\" data-widget_type=\"heading.default\">\n\t\t\t\t<div class=\"elementor-widget-container\">\n\t\t\t\t\t<h3 class=\"elementor-heading-title elementor-size-default\">Perif. Blvd. Manuel \u00c1vila Camacho 895, Bosques de Echegaray, 53310 Naucalpan de Ju\u00e1rez, M\u00e9x.<\/h3>\t\t\t\t<\/div>\n\t\t\t\t<\/div>\n\t\t\t\t<div class=\"elementor-element elementor-element-bcd0631 elementor-widget elementor-widget-text-editor\" data-id=\"bcd0631\" data-element_type=\"widget\" data-e-type=\"widget\" data-widget_type=\"text-editor.default\">\n\t\t\t\t<div class=\"elementor-widget-container\">\n\t\t\t\t\t\t\t\t\t<h3 data-elementor-setting-key=\"title\" data-pen-placeholder=\"Teclea aqu\u00ed...\" style=\"font-size: 25px; font-style: normal; font-weight: 300; margin-bottom: 0px; color: rgb(255, 255, 255); font-family: var( --e-global-typography-primary-font-family ), Sans-serif; text-align: center;\">Horario de atenci\u00f3n&nbsp;<\/h3><h3 data-elementor-setting-key=\"title\" data-pen-placeholder=\"Teclea aqu\u00ed...\" style=\"font-size: 25px; font-style: normal; font-weight: 300; margin-bottom: 0px; color: rgb(255, 255, 255); font-family: var( --e-global-typography-primary-font-family ), Sans-serif; text-align: center;\">de 9:00 a 18:00 h.<\/h3><div><br><\/div>\t\t\t\t\t\t\t\t<\/div>\n\t\t\t\t<\/div>\n\t\t\t\t\t<\/div>\n\t\t<\/div>\n\t\t\t\t<div class=\"elementor-column elementor-col-50 elementor-top-column elementor-element elementor-element-c91933c\" data-id=\"c91933c\" data-element_type=\"column\" data-e-type=\"column\">\n\t\t\t<div class=\"elementor-widget-wrap elementor-element-populated\">\n\t\t\t\t\t\t<div class=\"elementor-element elementor-element-b454b98 elementor-widget elementor-widget-google_maps\" data-id=\"b454b98\" data-element_type=\"widget\" data-e-type=\"widget\" data-widget_type=\"google_maps.default\">\n\t\t\t\t<div class=\"elementor-widget-container\">\n\t\t\t\t\t\t\t<div class=\"elementor-custom-embed\">\n\t\t\t<iframe loading=\"lazy\"\n\t\t\t\t\tsrc=\"https:\/\/maps.google.com\/maps?q=Perif.%20Blvd.%20Manuel%20%C3%81vila%20Camacho%20895%2C%20Bosques%20de%20Echegaray%2C%2053310%20Naucalpan%20de%20Ju%C3%A1rez%2C%20M%C3%A9x.&#038;t=m&#038;z=18&#038;output=embed&#038;iwloc=near\"\n\t\t\t\t\ttitle=\"Perif. Blvd. Manuel \u00c1vila Camacho 895, Bosques de Echegaray, 53310 Naucalpan de Ju\u00e1rez, M\u00e9x.\"\n\t\t\t\t\taria-label=\"Perif. Blvd. Manuel \u00c1vila Camacho 895, Bosques de Echegaray, 53310 Naucalpan de Ju\u00e1rez, M\u00e9x.\"\n\t\t\t><\/iframe>\n\t\t<\/div>\n\t\t\t\t\t\t<\/div>\n\t\t\t\t<\/div>\n\t\t\t\t\t<\/div>\n\t\t<\/div>\n\t\t\t\t\t<\/div>\n\t\t<\/section>\n\t\t\t\t<section class=\"elementor-section elementor-top-section elementor-element elementor-element-1e6bd1a9 elementor-section-full_width elementor-section-stretched elementor-section-height-default elementor-section-height-default\" data-id=\"1e6bd1a9\" data-element_type=\"section\" data-e-type=\"section\" data-settings=\"{&quot;stretch_section&quot;:&quot;section-stretched&quot;,&quot;background_background&quot;:&quot;classic&quot;}\">\n\t\t\t\t\t\t<div class=\"elementor-container elementor-column-gap-default\">\n\t\t\t\t\t<div class=\"elementor-column elementor-col-100 elementor-top-column elementor-element elementor-element-3858e688\" data-id=\"3858e688\" data-element_type=\"column\" data-e-type=\"column\">\n\t\t\t<div class=\"elementor-widget-wrap elementor-element-populated\">\n\t\t\t\t\t\t<div class=\"elementor-element elementor-element-4f41fe9 elementor-shape-rounded elementor-grid-0 e-grid-align-center elementor-widget elementor-widget-social-icons\" data-id=\"4f41fe9\" data-element_type=\"widget\" data-e-type=\"widget\" data-widget_type=\"social-icons.default\">\n\t\t\t\t<div class=\"elementor-widget-container\">\n\t\t\t\t\t\t\t<div class=\"elementor-social-icons-wrapper elementor-grid\" role=\"list\">\n\t\t\t\t\t\t\t<span class=\"elementor-grid-item\" role=\"listitem\">\n\t\t\t\t\t<a class=\"elementor-icon elementor-social-icon elementor-social-icon-facebook-f elementor-animation-grow elementor-repeater-item-9c86cde\" href=\"https:\/\/www.facebook.com\/DRAGONFOODSMEXICO\" target=\"_blank\">\n\t\t\t\t\t\t<span class=\"elementor-screen-only\">Facebook-f<\/span>\n\t\t\t\t\t\t<i aria-hidden=\"true\" class=\"fab fa-facebook-f\"><\/i>\t\t\t\t\t<\/a>\n\t\t\t\t<\/span>\n\t\t\t\t\t\t\t<span class=\"elementor-grid-item\" role=\"listitem\">\n\t\t\t\t\t<a class=\"elementor-icon elementor-social-icon elementor-social-icon-instagram elementor-animation-grow elementor-repeater-item-7b9d1bc\" href=\"https:\/\/www.instagram.com\/dragonfoodsmx\" target=\"_blank\">\n\t\t\t\t\t\t<span class=\"elementor-screen-only\">Instagram<\/span>\n\t\t\t\t\t\t<i aria-hidden=\"true\" class=\"fab fa-instagram\"><\/i>\t\t\t\t\t<\/a>\n\t\t\t\t<\/span>\n\t\t\t\t\t\t\t<span class=\"elementor-grid-item\" role=\"listitem\">\n\t\t\t\t\t<a class=\"elementor-icon elementor-social-icon elementor-social-icon-youtube elementor-animation-grow elementor-repeater-item-1cfae18\" href=\"https:\/\/www.youtube.com\/channel\/UCXPb0CgcB0LznPXGtuLkFXg\" target=\"_blank\">\n\t\t\t\t\t\t<span class=\"elementor-screen-only\">Youtube<\/span>\n\t\t\t\t\t\t<i aria-hidden=\"true\" class=\"fab fa-youtube\"><\/i>\t\t\t\t\t<\/a>\n\t\t\t\t<\/span>\n\t\t\t\t\t<\/div>\n\t\t\t\t\t\t<\/div>\n\t\t\t\t<\/div>\n\t\t\t\t<div class=\"elementor-element elementor-element-78cfa525 elementor-widget-divider--view-line elementor-widget elementor-widget-divider\" data-id=\"78cfa525\" data-element_type=\"widget\" data-e-type=\"widget\" data-widget_type=\"divider.default\">\n\t\t\t\t<div class=\"elementor-widget-container\">\n\t\t\t\t\t\t\t<div class=\"elementor-divider\">\n\t\t\t<span class=\"elementor-divider-separator\">\n\t\t\t\t\t\t<\/span>\n\t\t<\/div>\n\t\t\t\t\t\t<\/div>\n\t\t\t\t<\/div>\n\t\t\t\t\t<\/div>\n\t\t<\/div>\n\t\t\t\t\t<\/div>\n\t\t<\/section>\n\t\t\t\t<section class=\"elementor-section elementor-top-section elementor-element elementor-element-50dc11f3 elementor-section-full_width elementor-section-stretched elementor-section-height-default elementor-section-height-default\" data-id=\"50dc11f3\" data-element_type=\"section\" data-e-type=\"section\" data-settings=\"{&quot;stretch_section&quot;:&quot;section-stretched&quot;,&quot;background_background&quot;:&quot;classic&quot;}\">\n\t\t\t\t\t\t<div class=\"elementor-container elementor-column-gap-default\">\n\t\t\t\t\t<div class=\"elementor-column elementor-col-25 elementor-top-column elementor-element elementor-element-3c68802\" data-id=\"3c68802\" data-element_type=\"column\" data-e-type=\"column\">\n\t\t\t<div class=\"elementor-widget-wrap elementor-element-populated\">\n\t\t\t\t\t\t<div class=\"elementor-element elementor-element-73410ae5 elementor-widget elementor-widget-heading\" data-id=\"73410ae5\" data-element_type=\"widget\" data-e-type=\"widget\" data-widget_type=\"heading.default\">\n\t\t\t\t<div class=\"elementor-widget-container\">\n\t\t\t\t\t<h1 class=\"elementor-heading-title elementor-size-medium\"><a href=\"https:\/\/dragonfoods.com.mx\/pag_ant\/facturacion\/\">FACTURACI\u00d3N<\/a><\/h1>\t\t\t\t<\/div>\n\t\t\t\t<\/div>\n\t\t\t\t\t<\/div>\n\t\t<\/div>\n\t\t\t\t<div class=\"elementor-column elementor-col-25 elementor-top-column elementor-element elementor-element-1ed75885\" data-id=\"1ed75885\" data-element_type=\"column\" data-e-type=\"column\">\n\t\t\t<div class=\"elementor-widget-wrap elementor-element-populated\">\n\t\t\t\t\t\t<div class=\"elementor-element elementor-element-12173698 elementor-widget elementor-widget-heading\" data-id=\"12173698\" data-element_type=\"widget\" data-e-type=\"widget\" data-widget_type=\"heading.default\">\n\t\t\t\t<div class=\"elementor-widget-container\">\n\t\t\t\t\t<h1 class=\"elementor-heading-title elementor-size-medium\"><a href=\"https:\/\/www.carlsjr.com\/\">CARL'S JR. USA<\/a><\/h1>\t\t\t\t<\/div>\n\t\t\t\t<\/div>\n\t\t\t\t\t<\/div>\n\t\t<\/div>\n\t\t\t\t<div class=\"elementor-column elementor-col-25 elementor-top-column elementor-element elementor-element-1c641899\" data-id=\"1c641899\" data-element_type=\"column\" data-e-type=\"column\">\n\t\t\t<div class=\"elementor-widget-wrap elementor-element-populated\">\n\t\t\t\t\t\t<div class=\"elementor-element elementor-element-b0c3d67 elementor-widget elementor-widget-heading\" data-id=\"b0c3d67\" data-element_type=\"widget\" data-e-type=\"widget\" data-widget_type=\"heading.default\">\n\t\t\t\t<div class=\"elementor-widget-container\">\n\t\t\t\t\t<h1 class=\"elementor-heading-title elementor-size-medium\"><a href=\"https:\/\/carlsjr.com.mx\/\">CARL'S JR. M\u00c9XICO<\/a><\/h1>\t\t\t\t<\/div>\n\t\t\t\t<\/div>\n\t\t\t\t\t<\/div>\n\t\t<\/div>\n\t\t\t\t<div class=\"elementor-column elementor-col-25 elementor-top-column elementor-element elementor-element-4f88ec61\" data-id=\"4f88ec61\" data-element_type=\"column\" data-e-type=\"column\">\n\t\t\t<div class=\"elementor-widget-wrap elementor-element-populated\">\n\t\t\t\t\t\t<div class=\"elementor-element elementor-element-58f9bdf1 elementor-widget elementor-widget-heading\" data-id=\"58f9bdf1\" data-element_type=\"widget\" data-e-type=\"widget\" data-widget_type=\"heading.default\">\n\t\t\t\t<div class=\"elementor-widget-container\">\n\t\t\t\t\t<h1 class=\"elementor-heading-title elementor-size-medium\"><a href=\"https:\/\/dragonfoods.com.mx\/pag_ant\/privacy-policy\/\">AVISO DE PRIVACIDAD<\/a><\/h1>\t\t\t\t<\/div>\n\t\t\t\t<\/div>\n\t\t\t\t\t<\/div>\n\t\t<\/div>\n\t\t\t\t\t<\/div>\n\t\t<\/section>\n\t\t\t\t<\/div>\n\t\t","protected":false},"excerpt":{"rendered":"<p>CONT\u00c1CTANOS CONTACTO 55 5373 1995 Perif. Blvd. Manuel \u00c1vila Camacho 895, Bosques de Echegaray, 53310 Naucalpan de Ju\u00e1rez, M\u00e9x. Horario de atenci\u00f3n&nbsp; de 9:00 a 18:00 h. Facebook-f Instagram Youtube FACTURACI\u00d3N CARL&#8217;S JR. USA CARL&#8217;S JR. M\u00c9XICO AVISO DE PRIVACIDAD<\/p>\n","protected":false},"author":1,"featured_media":0,"parent":0,"menu_order":0,"comment_status":"closed","ping_status":"closed","template":"","meta":{"footnotes":""},"class_list":["post-22","page","type-page","status-publish","hentry"],"yoast_head":"<!-- This site is optimized with the Yoast SEO plugin v27.5 - https:\/\/yoast.com\/product\/yoast-seo-wordpress\/ -->\n<title>Contacto - Dragon Foods<\/title>\n<meta name=\"robots\" content=\"index, follow, max-snippet:-1, max-image-preview:large, max-video-preview:-1\" \/>\n<link rel=\"canonical\" href=\"https:\/\/dragonfoods.com.mx\/CarlsJr\/contact-us\/\" \/>\n<meta property=\"og:locale\" content=\"es_ES\" \/>\n<meta property=\"og:type\" content=\"article\" \/>\n<meta property=\"og:title\" content=\"Contacto - Dragon Foods\" \/>\n<meta property=\"og:description\" content=\"CONT\u00c1CTANOS CONTACTO 55 5373 1995 Perif. Blvd. Manuel \u00c1vila Camacho 895, Bosques de Echegaray, 53310 Naucalpan de Ju\u00e1rez, M\u00e9x. Horario de atenci\u00f3n&nbsp; de 9:00 a 18:00 h. Facebook-f Instagram Youtube FACTURACI\u00d3N CARL&#8217;S JR. USA CARL&#8217;S JR. M\u00c9XICO AVISO DE PRIVACIDAD\" \/>\n<meta property=\"og:url\" content=\"https:\/\/dragonfoods.com.mx\/CarlsJr\/contact-us\/\" \/>\n<meta property=\"og:site_name\" content=\"Dragon Foods\" \/>\n<meta property=\"article:modified_time\" content=\"2024-08-30T00:38:30+00:00\" \/>\n<meta name=\"twitter:card\" content=\"summary_large_image\" \/>\n<meta name=\"twitter:label1\" content=\"Tiempo de lectura\" \/>\n\t<meta name=\"twitter:data1\" content=\"1 minuto\" \/>\n<script type=\"application\/ld+json\" class=\"yoast-schema-graph\">{\"@context\":\"https:\\\/\\\/schema.org\",\"@graph\":[{\"@type\":\"WebPage\",\"@id\":\"https:\\\/\\\/dragonfoods.com.mx\\\/CarlsJr\\\/contact-us\\\/\",\"url\":\"https:\\\/\\\/dragonfoods.com.mx\\\/CarlsJr\\\/contact-us\\\/\",\"name\":\"Contacto - Dragon Foods\",\"isPartOf\":{\"@id\":\"https:\\\/\\\/dragonfoods.com.mx\\\/CarlsJr\\\/#website\"},\"datePublished\":\"2020-01-07T09:40:30+00:00\",\"dateModified\":\"2024-08-30T00:38:30+00:00\",\"breadcrumb\":{\"@id\":\"https:\\\/\\\/dragonfoods.com.mx\\\/CarlsJr\\\/contact-us\\\/#breadcrumb\"},\"inLanguage\":\"es\",\"potentialAction\":[{\"@type\":\"ReadAction\",\"target\":[\"https:\\\/\\\/dragonfoods.com.mx\\\/CarlsJr\\\/contact-us\\\/\"]}]},{\"@type\":\"BreadcrumbList\",\"@id\":\"https:\\\/\\\/dragonfoods.com.mx\\\/CarlsJr\\\/contact-us\\\/#breadcrumb\",\"itemListElement\":[{\"@type\":\"ListItem\",\"position\":1,\"name\":\"Portada\",\"item\":\"https:\\\/\\\/dragonfoods.com.mx\\\/CarlsJr\\\/\"},{\"@type\":\"ListItem\",\"position\":2,\"name\":\"Contacto\"}]},{\"@type\":\"WebSite\",\"@id\":\"https:\\\/\\\/dragonfoods.com.mx\\\/CarlsJr\\\/#website\",\"url\":\"https:\\\/\\\/dragonfoods.com.mx\\\/CarlsJr\\\/\",\"name\":\"Dragon Foods\",\"description\":\"\",\"publisher\":{\"@id\":\"https:\\\/\\\/dragonfoods.com.mx\\\/CarlsJr\\\/#organization\"},\"potentialAction\":[{\"@type\":\"SearchAction\",\"target\":{\"@type\":\"EntryPoint\",\"urlTemplate\":\"https:\\\/\\\/dragonfoods.com.mx\\\/CarlsJr\\\/?s={search_term_string}\"},\"query-input\":{\"@type\":\"PropertyValueSpecification\",\"valueRequired\":true,\"valueName\":\"search_term_string\"}}],\"inLanguage\":\"es\"},{\"@type\":\"Organization\",\"@id\":\"https:\\\/\\\/dragonfoods.com.mx\\\/CarlsJr\\\/#organization\",\"name\":\"Dragon Foods\",\"url\":\"https:\\\/\\\/dragonfoods.com.mx\\\/CarlsJr\\\/\",\"logo\":{\"@type\":\"ImageObject\",\"inLanguage\":\"es\",\"@id\":\"https:\\\/\\\/dragonfoods.com.mx\\\/CarlsJr\\\/#\\\/schema\\\/logo\\\/image\\\/\",\"url\":\"https:\\\/\\\/dragonfoods.com.mx\\\/CarlsJr\\\/wp-content\\\/uploads\\\/2020\\\/09\\\/dragon.png\",\"contentUrl\":\"https:\\\/\\\/dragonfoods.com.mx\\\/CarlsJr\\\/wp-content\\\/uploads\\\/2020\\\/09\\\/dragon.png\",\"width\":512,\"height\":512,\"caption\":\"Dragon Foods\"},\"image\":{\"@id\":\"https:\\\/\\\/dragonfoods.com.mx\\\/CarlsJr\\\/#\\\/schema\\\/logo\\\/image\\\/\"}}]}<\/script>\n<!-- \/ Yoast SEO plugin. -->","yoast_head_json":{"title":"Contacto - Dragon Foods","robots":{"index":"index","follow":"follow","max-snippet":"max-snippet:-1","max-image-preview":"max-image-preview:large","max-video-preview":"max-video-preview:-1"},"canonical":"https:\/\/dragonfoods.com.mx\/CarlsJr\/contact-us\/","og_locale":"es_ES","og_type":"article","og_title":"Contacto - Dragon Foods","og_description":"CONT\u00c1CTANOS CONTACTO 55 5373 1995 Perif. Blvd. Manuel \u00c1vila Camacho 895, Bosques de Echegaray, 53310 Naucalpan de Ju\u00e1rez, M\u00e9x. Horario de atenci\u00f3n&nbsp; de 9:00 a 18:00 h. Facebook-f Instagram Youtube FACTURACI\u00d3N CARL&#8217;S JR. USA CARL&#8217;S JR. M\u00c9XICO AVISO DE PRIVACIDAD","og_url":"https:\/\/dragonfoods.com.mx\/CarlsJr\/contact-us\/","og_site_name":"Dragon Foods","article_modified_time":"2024-08-30T00:38:30+00:00","twitter_card":"summary_large_image","twitter_misc":{"Tiempo de lectura":"1 minuto"},"schema":{"@context":"https:\/\/schema.org","@graph":[{"@type":"WebPage","@id":"https:\/\/dragonfoods.com.mx\/CarlsJr\/contact-us\/","url":"https:\/\/dragonfoods.com.mx\/CarlsJr\/contact-us\/","name":"Contacto - Dragon Foods","isPartOf":{"@id":"https:\/\/dragonfoods.com.mx\/CarlsJr\/#website"},"datePublished":"2020-01-07T09:40:30+00:00","dateModified":"2024-08-30T00:38:30+00:00","breadcrumb":{"@id":"https:\/\/dragonfoods.com.mx\/CarlsJr\/contact-us\/#breadcrumb"},"inLanguage":"es","potentialAction":[{"@type":"ReadAction","target":["https:\/\/dragonfoods.com.mx\/CarlsJr\/contact-us\/"]}]},{"@type":"BreadcrumbList","@id":"https:\/\/dragonfoods.com.mx\/CarlsJr\/contact-us\/#breadcrumb","itemListElement":[{"@type":"ListItem","position":1,"name":"Portada","item":"https:\/\/dragonfoods.com.mx\/CarlsJr\/"},{"@type":"ListItem","position":2,"name":"Contacto"}]},{"@type":"WebSite","@id":"https:\/\/dragonfoods.com.mx\/CarlsJr\/#website","url":"https:\/\/dragonfoods.com.mx\/CarlsJr\/","name":"Dragon Foods","description":"","publisher":{"@id":"https:\/\/dragonfoods.com.mx\/CarlsJr\/#organization"},"potentialAction":[{"@type":"SearchAction","target":{"@type":"EntryPoint","urlTemplate":"https:\/\/dragonfoods.com.mx\/CarlsJr\/?s={search_term_string}"},"query-input":{"@type":"PropertyValueSpecification","valueRequired":true,"valueName":"search_term_string"}}],"inLanguage":"es"},{"@type":"Organization","@id":"https:\/\/dragonfoods.com.mx\/CarlsJr\/#organization","name":"Dragon Foods","url":"https:\/\/dragonfoods.com.mx\/CarlsJr\/","logo":{"@type":"ImageObject","inLanguage":"es","@id":"https:\/\/dragonfoods.com.mx\/CarlsJr\/#\/schema\/logo\/image\/","url":"https:\/\/dragonfoods.com.mx\/CarlsJr\/wp-content\/uploads\/2020\/09\/dragon.png","contentUrl":"https:\/\/dragonfoods.com.mx\/CarlsJr\/wp-content\/uploads\/2020\/09\/dragon.png","width":512,"height":512,"caption":"Dragon Foods"},"image":{"@id":"https:\/\/dragonfoods.com.mx\/CarlsJr\/#\/schema\/logo\/image\/"}}]}},"_links":{"self":[{"href":"https:\/\/dragonfoods.com.mx\/CarlsJr\/wp-json\/wp\/v2\/pages\/22","targetHints":{"allow":["GET"]}}],"collection":[{"href":"https:\/\/dragonfoods.com.mx\/CarlsJr\/wp-json\/wp\/v2\/pages"}],"about":[{"href":"https:\/\/dragonfoods.com.mx\/CarlsJr\/wp-json\/wp\/v2\/types\/page"}],"author":[{"embeddable":true,"href":"https:\/\/dragonfoods.com.mx\/CarlsJr\/wp-json\/wp\/v2\/users\/1"}],"replies":[{"embeddable":true,"href":"https:\/\/dragonfoods.com.mx\/CarlsJr\/wp-json\/wp\/v2\/comments?post=22"}],"version-history":[{"count":47,"href":"https:\/\/dragonfoods.com.mx\/CarlsJr\/wp-json\/wp\/v2\/pages\/22\/revisions"}],"predecessor-version":[{"id":3762,"href":"https:\/\/dragonfoods.com.mx\/CarlsJr\/wp-json\/wp\/v2\/pages\/22\/revisions\/3762"}],"wp:attachment":[{"href":"https:\/\/dragonfoods.com.mx\/CarlsJr\/wp-json\/wp\/v2\/media?parent=22"}],"curies":[{"name":"wp","href":"https:\/\/api.w.org\/{rel}","templated":true}]}}