{"id":24,"date":"2020-01-07T09:40:48","date_gmt":"2020-01-07T09:40:48","guid":{"rendered":"http:\/\/dragonfoods.com.mx\/CarlsJr\/?page_id=24"},"modified":"2024-08-23T13:35:23","modified_gmt":"2024-08-23T19:35:23","slug":"privacy-policy","status":"publish","type":"page","link":"https:\/\/dragonfoods.com.mx\/CarlsJr\/privacy-policy\/","title":{"rendered":"Aviso de privacidad"},"content":{"rendered":"\t\t<div data-elementor-type=\"wp-page\" data-elementor-id=\"24\" class=\"elementor elementor-24\">\n\t\t\t\t\t\t<section class=\"elementor-section elementor-top-section elementor-element elementor-element-c210eb9 elementor-section-boxed elementor-section-height-default elementor-section-height-default\" data-id=\"c210eb9\" data-element_type=\"section\" data-e-type=\"section\">\n\t\t\t\t\t\t<div class=\"elementor-container elementor-column-gap-default\">\n\t\t\t\t\t<div class=\"elementor-column elementor-col-100 elementor-top-column elementor-element elementor-element-651b436\" data-id=\"651b436\" data-element_type=\"column\" data-e-type=\"column\">\n\t\t\t<div class=\"elementor-widget-wrap elementor-element-populated\">\n\t\t\t\t\t\t<div class=\"elementor-element elementor-element-23c30a0 elementor-widget elementor-widget-heading\" data-id=\"23c30a0\" data-element_type=\"widget\" data-e-type=\"widget\" data-widget_type=\"heading.default\">\n\t\t\t\t<div class=\"elementor-widget-container\">\n\t\t\t\t\t<h1 class=\"elementor-heading-title elementor-size-default\">AVISO DE PRIVACIDAD<\/h1>\t\t\t\t<\/div>\n\t\t\t\t<\/div>\n\t\t\t\t<div class=\"elementor-element elementor-element-d40b9ad elementor-widget elementor-widget-text-editor\" data-id=\"d40b9ad\" data-element_type=\"widget\" data-e-type=\"widget\" data-widget_type=\"text-editor.default\">\n\t\t\t\t<div class=\"elementor-widget-container\">\n\t\t\t\t\t\t\t\t\t<p style=\"text-align: center;\"><span style=\"font-size: 12pt;\"><strong>DRAGON FOODS S.A. DE C.V. y DGNF ESMERALDA S.A. DE C.V.<br \/>Con domicilio en: BLVD. MANUEL AVILA CAMACHO NO. 895, LOCAL 202, COL. BOSQUE DE ECHEGARAY, NAUCALPAN, ESTADO DE MEXICO, C.P. 53310<\/strong><\/span><\/p><p style=\"text-align: left;\"><span style=\"font-size: 12pt;\">Algunas tiendas son operadas por otros franquiciatarios, si tratas con ellos, ellos ser\u00e1n los responsables de tus Datos.<\/span><\/p><p>Su informaci\u00f3n personal ser\u00e1 utilizada para proveerle de los servicios de facturaci\u00f3n que nos ha solicitado, informarle sobre condiciones y cambios en los mismos y evaluar la calidad del servicio que le prestamos.<\/p><ul><li>Identificarlo y conocer sus necesidades de productos o servicios;<\/li><li>Ofrecerle la informaci\u00f3n sobre nuestros productos, precios, valor nutrimental y ubicaci\u00f3n de nuestras sucursales;<\/li><li>Brindarle el servicio y los productos que nos solicita;<\/li><li>Comunicarle descuentos y promociones sobre nuestros productos;<\/li><li>Atender sus quejas y solicitudes de aclaraciones;<\/li><li>Evaluar la calidad de nuestros servicios;<\/li><li>Tratar los Datos para fines compatibles con los mencionados en este Aviso de Privacidad y que se consideren an\u00e1logos o afines para efectos legales.<\/li><li>Para las finalidades antes mencionadas requerimos obtener sus siguientes datos personales:<ul><li>Nombre<\/li><li>Domicilio f\u00edsico o Domicilio Fiscal<\/li><li>Tel\u00e9fono<\/li><li>Correo Electr\u00f3nico<\/li><li>Registro Federal de Contribuyentes<\/li><\/ul><\/li><\/ul><h4><span style=\"color: #ffffff;\"><strong>Tratamiento de sus Datos Personales:<\/strong><\/span><\/h4><p>Recabamos sus datos personales para los efectos mencionados en presente Aviso de Privacidad. En este sentido, hacemos de su conocimiento que sus datos personales ser\u00e1n tratados y resguardados con base en los principios de licitud, calidad, consentimiento, informaci\u00f3n, finalidad, lealtad, proporcionalidad y responsabilidad, consagrados en la Ley Federal de Protecci\u00f3n de Datos Personales en Posesi\u00f3n de Particulares y su Reglamento.<\/p><h4><span style=\"color: #ffffff;\"><strong>Finalidad en el tratamiento de sus datos personales:<\/strong><\/span><\/h4><p>Recopilamos sus datos personales, por lo que solicitamos su consentimiento a trav\u00e9s del presente Aviso de Privacidad con el objeto de utilizarlos para los siguientes fines:<\/p><ol><li><em>Para poder realizar los servicios de facturaci\u00f3n que nos ha confiado<\/em><\/li><li><em>Identificarlo como cliente y prestarle los servicios contratados con nosotros<\/em><\/li><li><em>Para contactarlo y enviarle informaci\u00f3n relevante respecto de temas de nuestros servicios.<\/em><\/li><\/ol><h4><span style=\"color: #ffffff;\"><strong>Medios para limitar el uso o divulgaci\u00f3n de sus datos personales:<\/strong><\/span><\/h4><p>Hacemos de su conocimiento que sus datos personales ser\u00e1n resguardados bajo estrictas medidas de seguridad administrativas, t\u00e9cnicas y f\u00edsicas las cuales han sido implementadas con el objeto de proteger sus datos personales contra da\u00f1o, p\u00e9rdida, alteraci\u00f3n, destrucci\u00f3n o el uso, acceso o tratamiento no autorizados.<\/p><h4><span style=\"color: #ffffff;\"><strong>Transferencias de Datos:<\/strong><\/span><\/h4><p>En ocasiones podremos transferir tus datos a proveedores para fines de facturaci\u00f3n, evaluaci\u00f3n de calidad y seguimiento a quejas y sugerencias o estudios de mercado.<\/p><p>Con fundamento en los art\u00edculos 36 y 37 de la Ley Federal de Protecci\u00f3n de Datos Personales en Posesi\u00f3n de los Particulares, los Datos pueden ser transferidos l\u00edcitamente para las Finalidades establecidas en el presente Aviso de Privacidad:<\/p><ol><li><em>Nuestras sociedades subsidiarias, filiales, afiliadas y\/o controladoras, dentro de territorio nacional o en el extranjero,<\/em><\/li><li><em>Encargados en materia de atenci\u00f3n de clientes y estudios relacionadas con la prestaci\u00f3n de nuestros servicios y productos; y<\/em><\/li><li><em>Terceros como agencias de mercadotecnia que participan con nosotros para poder brindarte nuestros productos y servicios, en t\u00e9rminos de lo establecido por la Ley.<\/em><\/li><\/ol><h4><span style=\"color: #ffffff;\"><strong>Medios para el ejercicio de sus derechos como titular de los datos personales:<\/strong><\/span><\/h4><p>Como titular de los datos personales objeto del presente Aviso de Privacidad usted podr\u00e1 ejercitar sus derechos de acceso, rectificaci\u00f3n, cancelaci\u00f3n u oposici\u00f3n (Derechos ARCO), mismos que se consagran en la Ley Federal de Protecci\u00f3n de Datos Personales en Posesi\u00f3n de los Particulares y en su Reglamento. As\u00ed mismo podr\u00e1 revocar el consentimiento otorgado para el uso de sus datos personales.<\/p><p>En cualquiera de estos supuestos, puede realizar su solicitud mediante el env\u00edo de un correo electr\u00f3nico a la direcci\u00f3n privacidad-datos@dragonfoods.com.mx Con la finalidad de poder atender su solicitud, \u00e9sta deber\u00e1 satisfacer todos los requisitos estipulados en la Ley Federal de Protecci\u00f3n de Datos Personales en Posesi\u00f3n de los particulares y en su Reglamento.<\/p><h4><span style=\"color: #ffffff;\"><strong>Cambios al presente Aviso de Privacidad:<\/strong><\/span><\/h4><p>El presente Aviso de Privacidad podr\u00e1 ser modificado en el futuro. En todo caso, cualquier modificaci\u00f3n al mismo se har\u00e1 de su conocimiento mediante el env\u00edo de una notificaci\u00f3n a la cuenta de correo que usted nos proporcion\u00f3 inicialmente para hacer de su conocimiento el presente Aviso de Privacidad y\/o mediante la publicaci\u00f3n del mismo en la siguiente p\u00e1gina web:\u00a0<a href=\"http:\/\/www.dragonfoods.com.mx\/\">www.dragonfoods.com.mx<\/a><\/p><p>Si usted desea dejar de recibir mensajes promocionales de nuestra parte puede solicitarlo a nuestro departamento de datos personales al correo electr\u00f3nico\u00a0<a href=\"mailto:privacidaddatos@dragonfoods.com.mx\">privacidaddatos@dragonfoods.com.mx<\/a><\/p><p>No seremos responsables en caso de que usted no reciba la referida notificaci\u00f3n de cambio en el Aviso de Privacidad por causa de alg\u00fan problema con su cuenta de correo electr\u00f3nico o de transmisi\u00f3n de datos por internet.<\/p><p>Sin embargo, por su seguridad, el Aviso de Privacidad vigente estar\u00e1 disponible en todo momento en la p\u00e1gina web antes se\u00f1alada.\u00a0<strong>Fecha de emisi\u00f3n 08 de Octubre de 2013.<\/strong><\/p>\t\t\t\t\t\t\t\t<\/div>\n\t\t\t\t<\/div>\n\t\t\t\t\t<\/div>\n\t\t<\/div>\n\t\t\t\t\t<\/div>\n\t\t<\/section>\n\t\t\t\t<\/div>\n\t\t","protected":false},"excerpt":{"rendered":"<p>AVISO DE PRIVACIDAD DRAGON FOODS S.A. DE C.V. y DGNF ESMERALDA S.A. DE C.V.Con domicilio en: BLVD. MANUEL AVILA CAMACHO NO. 895, LOCAL 202, COL. BOSQUE DE ECHEGARAY, NAUCALPAN, ESTADO DE MEXICO, C.P. 53310 Algunas tiendas son operadas por otros franquiciatarios, si tratas con ellos, ellos ser\u00e1n los responsables de tus Datos. Su informaci\u00f3n personal [&hellip;]<\/p>\n","protected":false},"author":1,"featured_media":0,"parent":0,"menu_order":0,"comment_status":"closed","ping_status":"closed","template":"","meta":{"footnotes":""},"class_list":["post-24","page","type-page","status-publish","hentry"],"yoast_head":"<!-- This site is optimized with the Yoast SEO plugin v27.5 - https:\/\/yoast.com\/product\/yoast-seo-wordpress\/ -->\n<title>Aviso de privacidad - Dragon Foods<\/title>\n<meta name=\"robots\" content=\"index, follow, max-snippet:-1, max-image-preview:large, max-video-preview:-1\" \/>\n<link rel=\"canonical\" href=\"https:\/\/dragonfoods.com.mx\/CarlsJr\/privacy-policy\/\" \/>\n<meta property=\"og:locale\" content=\"es_ES\" \/>\n<meta property=\"og:type\" content=\"article\" \/>\n<meta property=\"og:title\" content=\"Aviso de privacidad - Dragon Foods\" \/>\n<meta property=\"og:description\" content=\"AVISO DE PRIVACIDAD DRAGON FOODS S.A. DE C.V. y DGNF ESMERALDA S.A. DE C.V.Con domicilio en: BLVD. MANUEL AVILA CAMACHO NO. 895, LOCAL 202, COL. BOSQUE DE ECHEGARAY, NAUCALPAN, ESTADO DE MEXICO, C.P. 53310 Algunas tiendas son operadas por otros franquiciatarios, si tratas con ellos, ellos ser\u00e1n los responsables de tus Datos. Su informaci\u00f3n personal [&hellip;]\" \/>\n<meta property=\"og:url\" content=\"https:\/\/dragonfoods.com.mx\/CarlsJr\/privacy-policy\/\" \/>\n<meta property=\"og:site_name\" content=\"Dragon Foods\" \/>\n<meta property=\"article:modified_time\" content=\"2024-08-23T19:35:23+00:00\" \/>\n<meta name=\"twitter:card\" content=\"summary_large_image\" \/>\n<meta name=\"twitter:label1\" content=\"Tiempo de lectura\" \/>\n\t<meta name=\"twitter:data1\" content=\"4 minutos\" \/>\n<script type=\"application\/ld+json\" class=\"yoast-schema-graph\">{\"@context\":\"https:\\\/\\\/schema.org\",\"@graph\":[{\"@type\":\"WebPage\",\"@id\":\"https:\\\/\\\/dragonfoods.com.mx\\\/CarlsJr\\\/privacy-policy\\\/\",\"url\":\"https:\\\/\\\/dragonfoods.com.mx\\\/CarlsJr\\\/privacy-policy\\\/\",\"name\":\"Aviso de privacidad - Dragon Foods\",\"isPartOf\":{\"@id\":\"https:\\\/\\\/dragonfoods.com.mx\\\/CarlsJr\\\/#website\"},\"datePublished\":\"2020-01-07T09:40:48+00:00\",\"dateModified\":\"2024-08-23T19:35:23+00:00\",\"breadcrumb\":{\"@id\":\"https:\\\/\\\/dragonfoods.com.mx\\\/CarlsJr\\\/privacy-policy\\\/#breadcrumb\"},\"inLanguage\":\"es\",\"potentialAction\":[{\"@type\":\"ReadAction\",\"target\":[\"https:\\\/\\\/dragonfoods.com.mx\\\/CarlsJr\\\/privacy-policy\\\/\"]}]},{\"@type\":\"BreadcrumbList\",\"@id\":\"https:\\\/\\\/dragonfoods.com.mx\\\/CarlsJr\\\/privacy-policy\\\/#breadcrumb\",\"itemListElement\":[{\"@type\":\"ListItem\",\"position\":1,\"name\":\"Portada\",\"item\":\"https:\\\/\\\/dragonfoods.com.mx\\\/CarlsJr\\\/\"},{\"@type\":\"ListItem\",\"position\":2,\"name\":\"Aviso de privacidad\"}]},{\"@type\":\"WebSite\",\"@id\":\"https:\\\/\\\/dragonfoods.com.mx\\\/CarlsJr\\\/#website\",\"url\":\"https:\\\/\\\/dragonfoods.com.mx\\\/CarlsJr\\\/\",\"name\":\"Dragon Foods\",\"description\":\"\",\"publisher\":{\"@id\":\"https:\\\/\\\/dragonfoods.com.mx\\\/CarlsJr\\\/#organization\"},\"potentialAction\":[{\"@type\":\"SearchAction\",\"target\":{\"@type\":\"EntryPoint\",\"urlTemplate\":\"https:\\\/\\\/dragonfoods.com.mx\\\/CarlsJr\\\/?s={search_term_string}\"},\"query-input\":{\"@type\":\"PropertyValueSpecification\",\"valueRequired\":true,\"valueName\":\"search_term_string\"}}],\"inLanguage\":\"es\"},{\"@type\":\"Organization\",\"@id\":\"https:\\\/\\\/dragonfoods.com.mx\\\/CarlsJr\\\/#organization\",\"name\":\"Dragon Foods\",\"url\":\"https:\\\/\\\/dragonfoods.com.mx\\\/CarlsJr\\\/\",\"logo\":{\"@type\":\"ImageObject\",\"inLanguage\":\"es\",\"@id\":\"https:\\\/\\\/dragonfoods.com.mx\\\/CarlsJr\\\/#\\\/schema\\\/logo\\\/image\\\/\",\"url\":\"https:\\\/\\\/dragonfoods.com.mx\\\/CarlsJr\\\/wp-content\\\/uploads\\\/2020\\\/09\\\/dragon.png\",\"contentUrl\":\"https:\\\/\\\/dragonfoods.com.mx\\\/CarlsJr\\\/wp-content\\\/uploads\\\/2020\\\/09\\\/dragon.png\",\"width\":512,\"height\":512,\"caption\":\"Dragon Foods\"},\"image\":{\"@id\":\"https:\\\/\\\/dragonfoods.com.mx\\\/CarlsJr\\\/#\\\/schema\\\/logo\\\/image\\\/\"}}]}<\/script>\n<!-- \/ Yoast SEO plugin. -->","yoast_head_json":{"title":"Aviso de privacidad - Dragon Foods","robots":{"index":"index","follow":"follow","max-snippet":"max-snippet:-1","max-image-preview":"max-image-preview:large","max-video-preview":"max-video-preview:-1"},"canonical":"https:\/\/dragonfoods.com.mx\/CarlsJr\/privacy-policy\/","og_locale":"es_ES","og_type":"article","og_title":"Aviso de privacidad - Dragon Foods","og_description":"AVISO DE PRIVACIDAD DRAGON FOODS S.A. DE C.V. y DGNF ESMERALDA S.A. DE C.V.Con domicilio en: BLVD. MANUEL AVILA CAMACHO NO. 895, LOCAL 202, COL. BOSQUE DE ECHEGARAY, NAUCALPAN, ESTADO DE MEXICO, C.P. 53310 Algunas tiendas son operadas por otros franquiciatarios, si tratas con ellos, ellos ser\u00e1n los responsables de tus Datos. Su informaci\u00f3n personal [&hellip;]","og_url":"https:\/\/dragonfoods.com.mx\/CarlsJr\/privacy-policy\/","og_site_name":"Dragon Foods","article_modified_time":"2024-08-23T19:35:23+00:00","twitter_card":"summary_large_image","twitter_misc":{"Tiempo de lectura":"4 minutos"},"schema":{"@context":"https:\/\/schema.org","@graph":[{"@type":"WebPage","@id":"https:\/\/dragonfoods.com.mx\/CarlsJr\/privacy-policy\/","url":"https:\/\/dragonfoods.com.mx\/CarlsJr\/privacy-policy\/","name":"Aviso de privacidad - Dragon Foods","isPartOf":{"@id":"https:\/\/dragonfoods.com.mx\/CarlsJr\/#website"},"datePublished":"2020-01-07T09:40:48+00:00","dateModified":"2024-08-23T19:35:23+00:00","breadcrumb":{"@id":"https:\/\/dragonfoods.com.mx\/CarlsJr\/privacy-policy\/#breadcrumb"},"inLanguage":"es","potentialAction":[{"@type":"ReadAction","target":["https:\/\/dragonfoods.com.mx\/CarlsJr\/privacy-policy\/"]}]},{"@type":"BreadcrumbList","@id":"https:\/\/dragonfoods.com.mx\/CarlsJr\/privacy-policy\/#breadcrumb","itemListElement":[{"@type":"ListItem","position":1,"name":"Portada","item":"https:\/\/dragonfoods.com.mx\/CarlsJr\/"},{"@type":"ListItem","position":2,"name":"Aviso de privacidad"}]},{"@type":"WebSite","@id":"https:\/\/dragonfoods.com.mx\/CarlsJr\/#website","url":"https:\/\/dragonfoods.com.mx\/CarlsJr\/","name":"Dragon Foods","description":"","publisher":{"@id":"https:\/\/dragonfoods.com.mx\/CarlsJr\/#organization"},"potentialAction":[{"@type":"SearchAction","target":{"@type":"EntryPoint","urlTemplate":"https:\/\/dragonfoods.com.mx\/CarlsJr\/?s={search_term_string}"},"query-input":{"@type":"PropertyValueSpecification","valueRequired":true,"valueName":"search_term_string"}}],"inLanguage":"es"},{"@type":"Organization","@id":"https:\/\/dragonfoods.com.mx\/CarlsJr\/#organization","name":"Dragon Foods","url":"https:\/\/dragonfoods.com.mx\/CarlsJr\/","logo":{"@type":"ImageObject","inLanguage":"es","@id":"https:\/\/dragonfoods.com.mx\/CarlsJr\/#\/schema\/logo\/image\/","url":"https:\/\/dragonfoods.com.mx\/CarlsJr\/wp-content\/uploads\/2020\/09\/dragon.png","contentUrl":"https:\/\/dragonfoods.com.mx\/CarlsJr\/wp-content\/uploads\/2020\/09\/dragon.png","width":512,"height":512,"caption":"Dragon Foods"},"image":{"@id":"https:\/\/dragonfoods.com.mx\/CarlsJr\/#\/schema\/logo\/image\/"}}]}},"_links":{"self":[{"href":"https:\/\/dragonfoods.com.mx\/CarlsJr\/wp-json\/wp\/v2\/pages\/24","targetHints":{"allow":["GET"]}}],"collection":[{"href":"https:\/\/dragonfoods.com.mx\/CarlsJr\/wp-json\/wp\/v2\/pages"}],"about":[{"href":"https:\/\/dragonfoods.com.mx\/CarlsJr\/wp-json\/wp\/v2\/types\/page"}],"author":[{"embeddable":true,"href":"https:\/\/dragonfoods.com.mx\/CarlsJr\/wp-json\/wp\/v2\/users\/1"}],"replies":[{"embeddable":true,"href":"https:\/\/dragonfoods.com.mx\/CarlsJr\/wp-json\/wp\/v2\/comments?post=24"}],"version-history":[{"count":16,"href":"https:\/\/dragonfoods.com.mx\/CarlsJr\/wp-json\/wp\/v2\/pages\/24\/revisions"}],"predecessor-version":[{"id":3678,"href":"https:\/\/dragonfoods.com.mx\/CarlsJr\/wp-json\/wp\/v2\/pages\/24\/revisions\/3678"}],"wp:attachment":[{"href":"https:\/\/dragonfoods.com.mx\/CarlsJr\/wp-json\/wp\/v2\/media?parent=24"}],"curies":[{"name":"wp","href":"https:\/\/api.w.org\/{rel}","templated":true}]}}