{"id":2780,"date":"2022-05-03T16:30:54","date_gmt":"2022-05-03T21:30:54","guid":{"rendered":"https:\/\/dragonfoods.com.mx\/CarlsJr\/?page_id=2780"},"modified":"2025-10-14T13:23:55","modified_gmt":"2025-10-14T19:23:55","slug":"facturacion","status":"publish","type":"page","link":"https:\/\/dragonfoods.com.mx\/CarlsJr\/facturacion\/","title":{"rendered":"Facturaci\u00f3n"},"content":{"rendered":"\t\t<div data-elementor-type=\"wp-page\" data-elementor-id=\"2780\" class=\"elementor elementor-2780\">\n\t\t\t\t\t\t<section class=\"elementor-section elementor-top-section elementor-element elementor-element-559bbcb elementor-section-full_width elementor-section-stretched elementor-section-height-default elementor-section-height-default\" data-id=\"559bbcb\" data-element_type=\"section\" data-e-type=\"section\" data-settings=\"{&quot;stretch_section&quot;:&quot;section-stretched&quot;,&quot;background_background&quot;:&quot;classic&quot;}\">\n\t\t\t\t\t\t<div class=\"elementor-container elementor-column-gap-extended\">\n\t\t\t\t\t<div class=\"elementor-column elementor-col-100 elementor-top-column elementor-element elementor-element-208b75c\" data-id=\"208b75c\" data-element_type=\"column\" data-e-type=\"column\">\n\t\t\t<div class=\"elementor-widget-wrap elementor-element-populated\">\n\t\t\t\t\t\t<div class=\"elementor-element elementor-element-c7fa958 elementor-widget elementor-widget-heading\" data-id=\"c7fa958\" data-element_type=\"widget\" data-e-type=\"widget\" data-widget_type=\"heading.default\">\n\t\t\t\t<div class=\"elementor-widget-container\">\n\t\t\t\t\t<h2 class=\"elementor-heading-title elementor-size-default\">FACTURACI\u00d3N<\/h2>\t\t\t\t<\/div>\n\t\t\t\t<\/div>\n\t\t\t\t\t<\/div>\n\t\t<\/div>\n\t\t\t\t\t<\/div>\n\t\t<\/section>\n\t\t\t\t<section class=\"elementor-section elementor-top-section elementor-element elementor-element-eed32ab elementor-section-full_width elementor-section-stretched elementor-section-height-default elementor-section-height-default\" data-id=\"eed32ab\" data-element_type=\"section\" data-e-type=\"section\" data-settings=\"{&quot;stretch_section&quot;:&quot;section-stretched&quot;,&quot;background_background&quot;:&quot;classic&quot;}\">\n\t\t\t\t\t\t<div class=\"elementor-container elementor-column-gap-default\">\n\t\t\t\t\t<div class=\"elementor-column elementor-col-50 elementor-top-column elementor-element elementor-element-7503fb7\" data-id=\"7503fb7\" data-element_type=\"column\" data-e-type=\"column\" data-settings=\"{&quot;background_background&quot;:&quot;classic&quot;}\">\n\t\t\t<div class=\"elementor-widget-wrap elementor-element-populated\">\n\t\t\t\t\t\t<div class=\"elementor-element elementor-element-795c6e7 elementor-widget elementor-widget-heading\" data-id=\"795c6e7\" data-element_type=\"widget\" data-e-type=\"widget\" data-widget_type=\"heading.default\">\n\t\t\t\t<div class=\"elementor-widget-container\">\n\t\t\t\t\t<h1 class=\"elementor-heading-title elementor-size-default\">GENERAR FACTURA<\/h1>\t\t\t\t<\/div>\n\t\t\t\t<\/div>\n\t\t\t\t<div class=\"elementor-element elementor-element-8ba47db elementor-widget elementor-widget-text-editor\" data-id=\"8ba47db\" data-element_type=\"widget\" data-e-type=\"widget\" data-widget_type=\"text-editor.default\">\n\t\t\t\t<div class=\"elementor-widget-container\">\n\t\t\t\t\t\t\t\t\t<div class=\"fusion-text\"><p>Por ser este un Sistemas de Facturaci\u00f3n Autom\u00e1tica, no es posible realizar <strong>cancelaciones<\/strong> y\/o <strong>refacturaciones<\/strong>.<\/p><\/div><div class=\"fusion-text\"><p>Facturaci\u00f3n \u00fanicamente dentro del mes de consumo<\/p><\/div>\t\t\t\t\t\t\t\t<\/div>\n\t\t\t\t<\/div>\n\t\t\t\t<div class=\"elementor-element elementor-element-974bb99 elementor-align-center elementor-widget elementor-widget-button\" data-id=\"974bb99\" data-element_type=\"widget\" data-e-type=\"widget\" data-widget_type=\"button.default\">\n\t\t\t\t<div class=\"elementor-widget-container\">\n\t\t\t\t\t\t\t\t\t<div class=\"elementor-button-wrapper\">\n\t\t\t\t\t<a class=\"elementor-button elementor-button-link elementor-size-sm elementor-animation-grow\" href=\"https:\/\/isiadmin.facturacioncarlsjr.qub.mx\/\">\n\t\t\t\t\t\t<span class=\"elementor-button-content-wrapper\">\n\t\t\t\t\t\t\t\t\t<span class=\"elementor-button-text\">FACTURAR<\/span>\n\t\t\t\t\t<\/span>\n\t\t\t\t\t<\/a>\n\t\t\t\t<\/div>\n\t\t\t\t\t\t\t\t<\/div>\n\t\t\t\t<\/div>\n\t\t\t\t\t<\/div>\n\t\t<\/div>\n\t\t\t\t<div class=\"elementor-column elementor-col-50 elementor-top-column elementor-element elementor-element-a578b4d\" data-id=\"a578b4d\" data-element_type=\"column\" data-e-type=\"column\" data-settings=\"{&quot;background_background&quot;:&quot;classic&quot;}\">\n\t\t\t<div class=\"elementor-widget-wrap elementor-element-populated\">\n\t\t\t\t\t\t<div class=\"elementor-element elementor-element-c8096c6 elementor-widget elementor-widget-heading\" data-id=\"c8096c6\" data-element_type=\"widget\" data-e-type=\"widget\" data-widget_type=\"heading.default\">\n\t\t\t\t<div class=\"elementor-widget-container\">\n\t\t\t\t\t<h1 class=\"elementor-heading-title elementor-size-default\">AYUDA<\/h1>\t\t\t\t<\/div>\n\t\t\t\t<\/div>\n\t\t\t\t<div class=\"elementor-element elementor-element-479a625 elementor-widget elementor-widget-text-editor\" data-id=\"479a625\" data-element_type=\"widget\" data-e-type=\"widget\" data-widget_type=\"text-editor.default\">\n\t\t\t\t<div class=\"elementor-widget-container\">\n\t\t\t\t\t\t\t\t\t<div class=\"fusion-text\"><p>Si la Sucursal en donde realizo su consumo no se encuentra en nuestro listado de sucursales, de clic en el siguiente enlace:<br \/><strong><a href=\"https:\/\/carlsjr.com.mx\/\">https:\/\/carlsjr.com.mx\/<\/a><\/strong><\/p><\/div>\t\t\t\t\t\t\t\t<\/div>\n\t\t\t\t<\/div>\n\t\t\t\t<div class=\"elementor-element elementor-element-9751d63 elementor-align-center elementor-widget elementor-widget-button\" data-id=\"9751d63\" data-element_type=\"widget\" data-e-type=\"widget\" data-widget_type=\"button.default\">\n\t\t\t\t<div class=\"elementor-widget-container\">\n\t\t\t\t\t\t\t\t\t<div class=\"elementor-button-wrapper\">\n\t\t\t\t\t<a class=\"elementor-button elementor-button-link elementor-size-sm elementor-animation-grow\" href=\"https:\/\/dragonfoods.com.mx\/pag_ant\/wp-content\/uploads\/2020\/02\/GUIA-GENERACION-DE-FACTURA-CARLS-JR.pdf\">\n\t\t\t\t\t\t<span class=\"elementor-button-content-wrapper\">\n\t\t\t\t\t\t\t\t\t<span class=\"elementor-button-text\">\u00bfC\u00d3MO GENERO MI FACTURA?<\/span>\n\t\t\t\t\t<\/span>\n\t\t\t\t\t<\/a>\n\t\t\t\t<\/div>\n\t\t\t\t\t\t\t\t<\/div>\n\t\t\t\t<\/div>\n\t\t\t\t<div class=\"elementor-element elementor-element-04cf7ac elementor-align-center elementor-widget elementor-widget-button\" data-id=\"04cf7ac\" data-element_type=\"widget\" data-e-type=\"widget\" data-widget_type=\"button.default\">\n\t\t\t\t<div class=\"elementor-widget-container\">\n\t\t\t\t\t\t\t\t\t<div class=\"elementor-button-wrapper\">\n\t\t\t\t\t<a class=\"elementor-button elementor-button-link elementor-size-sm elementor-animation-grow\" href=\"https:\/\/dragonfoods.com.mx\/pag_ant\/wp-content\/uploads\/2020\/02\/GUIA-RECUPERACION-DE-FACTURA-CARLS-JR.pdf\">\n\t\t\t\t\t\t<span class=\"elementor-button-content-wrapper\">\n\t\t\t\t\t\t\t\t\t<span class=\"elementor-button-text\">\u00bfC\u00d3MO RECUPERO MI FACTURA?<\/span>\n\t\t\t\t\t<\/span>\n\t\t\t\t\t<\/a>\n\t\t\t\t<\/div>\n\t\t\t\t\t\t\t\t<\/div>\n\t\t\t\t<\/div>\n\t\t\t\t\t<\/div>\n\t\t<\/div>\n\t\t\t\t\t<\/div>\n\t\t<\/section>\n\t\t\t\t<section class=\"elementor-section elementor-top-section elementor-element elementor-element-717b8a8b elementor-section-content-middle elementor-section-full_width elementor-section-stretched elementor-section-height-default elementor-section-height-default\" data-id=\"717b8a8b\" data-element_type=\"section\" data-e-type=\"section\" data-settings=\"{&quot;background_background&quot;:&quot;classic&quot;,&quot;stretch_section&quot;:&quot;section-stretched&quot;}\">\n\t\t\t\t\t\t<div class=\"elementor-container elementor-column-gap-extended\">\n\t\t\t\t\t<div class=\"elementor-column elementor-col-100 elementor-top-column elementor-element elementor-element-54503e2\" data-id=\"54503e2\" data-element_type=\"column\" data-e-type=\"column\">\n\t\t\t<div class=\"elementor-widget-wrap elementor-element-populated\">\n\t\t\t\t\t\t<div class=\"elementor-element elementor-element-b2582ab elementor-widget elementor-widget-heading\" data-id=\"b2582ab\" data-element_type=\"widget\" data-e-type=\"widget\" data-widget_type=\"heading.default\">\n\t\t\t\t<div class=\"elementor-widget-container\">\n\t\t\t\t\t<h6 class=\"elementor-heading-title elementor-size-default\">CONTACTO<\/h6>\t\t\t\t<\/div>\n\t\t\t\t<\/div>\n\t\t\t\t<div class=\"elementor-element elementor-element-2667c97f elementor-widget elementor-widget-heading\" data-id=\"2667c97f\" data-element_type=\"widget\" data-e-type=\"widget\" data-widget_type=\"heading.default\">\n\t\t\t\t<div class=\"elementor-widget-container\">\n\t\t\t\t\t<h6 class=\"elementor-heading-title elementor-size-default\">55 5373 1995<\/h6>\t\t\t\t<\/div>\n\t\t\t\t<\/div>\n\t\t\t\t<div class=\"elementor-element elementor-element-69dd6b2a elementor-widget elementor-widget-heading\" data-id=\"69dd6b2a\" data-element_type=\"widget\" data-e-type=\"widget\" data-widget_type=\"heading.default\">\n\t\t\t\t<div class=\"elementor-widget-container\">\n\t\t\t\t\t<h3 class=\"elementor-heading-title elementor-size-default\">Perif. Blvd. Manuel \u00c1vila Camacho 895, Bosques de Echegaray, 53310 Naucalpan de Ju\u00e1rez, M\u00e9x.<\/h3>\t\t\t\t<\/div>\n\t\t\t\t<\/div>\n\t\t\t\t<div class=\"elementor-element elementor-element-7052bd5e elementor-widget elementor-widget-heading\" data-id=\"7052bd5e\" data-element_type=\"widget\" data-e-type=\"widget\" data-widget_type=\"heading.default\">\n\t\t\t\t<div class=\"elementor-widget-container\">\n\t\t\t\t\t<h3 class=\"elementor-heading-title elementor-size-default\">Horario de atenci\u00f3n: 9:00 a 18:00 h. de Lunes a Viernes<\/h3>\t\t\t\t<\/div>\n\t\t\t\t<\/div>\n\t\t\t\t<div class=\"elementor-element elementor-element-220ac75d elementor-widget elementor-widget-google_maps\" data-id=\"220ac75d\" data-element_type=\"widget\" data-e-type=\"widget\" data-widget_type=\"google_maps.default\">\n\t\t\t\t<div class=\"elementor-widget-container\">\n\t\t\t\t\t\t\t<div class=\"elementor-custom-embed\">\n\t\t\t<iframe loading=\"lazy\"\n\t\t\t\t\tsrc=\"https:\/\/maps.google.com\/maps?q=Perif.%20Blvd.%20Manuel%20%C3%81vila%20Camacho%20895%2C%20Bosques%20de%20Echegaray%2C%2053310%20Naucalpan%20de%20Ju%C3%A1rez%2C%20M%C3%A9x.&#038;t=m&#038;z=18&#038;output=embed&#038;iwloc=near\"\n\t\t\t\t\ttitle=\"Perif. Blvd. Manuel \u00c1vila Camacho 895, Bosques de Echegaray, 53310 Naucalpan de Ju\u00e1rez, M\u00e9x.\"\n\t\t\t\t\taria-label=\"Perif. Blvd. Manuel \u00c1vila Camacho 895, Bosques de Echegaray, 53310 Naucalpan de Ju\u00e1rez, M\u00e9x.\"\n\t\t\t><\/iframe>\n\t\t<\/div>\n\t\t\t\t\t\t<\/div>\n\t\t\t\t<\/div>\n\t\t\t\t<div class=\"elementor-element elementor-element-4b30d013 elementor-shape-rounded elementor-grid-0 e-grid-align-center elementor-widget elementor-widget-social-icons\" data-id=\"4b30d013\" data-element_type=\"widget\" data-e-type=\"widget\" data-widget_type=\"social-icons.default\">\n\t\t\t\t<div class=\"elementor-widget-container\">\n\t\t\t\t\t\t\t<div class=\"elementor-social-icons-wrapper elementor-grid\" role=\"list\">\n\t\t\t\t\t\t\t<span class=\"elementor-grid-item\" role=\"listitem\">\n\t\t\t\t\t<a class=\"elementor-icon elementor-social-icon elementor-social-icon-facebook-f elementor-animation-grow elementor-repeater-item-9c86cde\" href=\"https:\/\/www.facebook.com\/DRAGONFOODSMEXICO\" target=\"_blank\">\n\t\t\t\t\t\t<span class=\"elementor-screen-only\">Facebook-f<\/span>\n\t\t\t\t\t\t<i aria-hidden=\"true\" class=\"fab fa-facebook-f\"><\/i>\t\t\t\t\t<\/a>\n\t\t\t\t<\/span>\n\t\t\t\t\t\t\t<span class=\"elementor-grid-item\" role=\"listitem\">\n\t\t\t\t\t<a class=\"elementor-icon elementor-social-icon elementor-social-icon-instagram elementor-animation-grow elementor-repeater-item-7b9d1bc\" href=\"https:\/\/www.instagram.com\/dragonfoodsmx\" target=\"_blank\">\n\t\t\t\t\t\t<span class=\"elementor-screen-only\">Instagram<\/span>\n\t\t\t\t\t\t<i aria-hidden=\"true\" class=\"fab fa-instagram\"><\/i>\t\t\t\t\t<\/a>\n\t\t\t\t<\/span>\n\t\t\t\t\t\t\t<span class=\"elementor-grid-item\" role=\"listitem\">\n\t\t\t\t\t<a class=\"elementor-icon elementor-social-icon elementor-social-icon-youtube elementor-animation-grow elementor-repeater-item-1cfae18\" href=\"https:\/\/www.youtube.com\/channel\/UCXPb0CgcB0LznPXGtuLkFXg\" target=\"_blank\">\n\t\t\t\t\t\t<span class=\"elementor-screen-only\">Youtube<\/span>\n\t\t\t\t\t\t<i aria-hidden=\"true\" class=\"fab fa-youtube\"><\/i>\t\t\t\t\t<\/a>\n\t\t\t\t<\/span>\n\t\t\t\t\t<\/div>\n\t\t\t\t\t\t<\/div>\n\t\t\t\t<\/div>\n\t\t\t\t\t<\/div>\n\t\t<\/div>\n\t\t\t\t\t<\/div>\n\t\t<\/section>\n\t\t\t\t<section class=\"elementor-section elementor-top-section elementor-element elementor-element-72a71d0a elementor-section-full_width elementor-section-stretched elementor-section-height-default elementor-section-height-default\" data-id=\"72a71d0a\" data-element_type=\"section\" data-e-type=\"section\" data-settings=\"{&quot;stretch_section&quot;:&quot;section-stretched&quot;,&quot;background_background&quot;:&quot;classic&quot;}\">\n\t\t\t\t\t\t<div class=\"elementor-container elementor-column-gap-default\">\n\t\t\t\t\t<div class=\"elementor-column elementor-col-100 elementor-top-column elementor-element elementor-element-6487c25e\" data-id=\"6487c25e\" data-element_type=\"column\" data-e-type=\"column\">\n\t\t\t<div class=\"elementor-widget-wrap elementor-element-populated\">\n\t\t\t\t\t\t<div class=\"elementor-element elementor-element-46485d51 elementor-widget-divider--view-line elementor-widget elementor-widget-divider\" data-id=\"46485d51\" data-element_type=\"widget\" data-e-type=\"widget\" data-widget_type=\"divider.default\">\n\t\t\t\t<div class=\"elementor-widget-container\">\n\t\t\t\t\t\t\t<div class=\"elementor-divider\">\n\t\t\t<span class=\"elementor-divider-separator\">\n\t\t\t\t\t\t<\/span>\n\t\t<\/div>\n\t\t\t\t\t\t<\/div>\n\t\t\t\t<\/div>\n\t\t\t\t\t<\/div>\n\t\t<\/div>\n\t\t\t\t\t<\/div>\n\t\t<\/section>\n\t\t\t\t<section class=\"elementor-section elementor-top-section elementor-element elementor-element-12779889 elementor-section-full_width elementor-section-stretched elementor-section-height-default elementor-section-height-default\" data-id=\"12779889\" data-element_type=\"section\" data-e-type=\"section\" data-settings=\"{&quot;stretch_section&quot;:&quot;section-stretched&quot;,&quot;background_background&quot;:&quot;classic&quot;}\">\n\t\t\t\t\t\t<div class=\"elementor-container elementor-column-gap-default\">\n\t\t\t\t\t<div class=\"elementor-column elementor-col-25 elementor-top-column elementor-element elementor-element-26b5042f\" data-id=\"26b5042f\" data-element_type=\"column\" data-e-type=\"column\">\n\t\t\t<div class=\"elementor-widget-wrap elementor-element-populated\">\n\t\t\t\t\t\t<div class=\"elementor-element elementor-element-14987a0c elementor-widget elementor-widget-heading\" data-id=\"14987a0c\" data-element_type=\"widget\" data-e-type=\"widget\" data-widget_type=\"heading.default\">\n\t\t\t\t<div class=\"elementor-widget-container\">\n\t\t\t\t\t<h1 class=\"elementor-heading-title elementor-size-medium\"><a href=\"https:\/\/dragonfoods.com.mx\/pag_ant\/facturacion\/\">FACTURACI\u00d3N<\/a><\/h1>\t\t\t\t<\/div>\n\t\t\t\t<\/div>\n\t\t\t\t\t<\/div>\n\t\t<\/div>\n\t\t\t\t<div class=\"elementor-column elementor-col-25 elementor-top-column elementor-element elementor-element-49378a63\" data-id=\"49378a63\" data-element_type=\"column\" data-e-type=\"column\">\n\t\t\t<div class=\"elementor-widget-wrap elementor-element-populated\">\n\t\t\t\t\t\t<div class=\"elementor-element elementor-element-4a52f209 elementor-widget elementor-widget-heading\" data-id=\"4a52f209\" data-element_type=\"widget\" data-e-type=\"widget\" data-widget_type=\"heading.default\">\n\t\t\t\t<div class=\"elementor-widget-container\">\n\t\t\t\t\t<h1 class=\"elementor-heading-title elementor-size-medium\"><a href=\"https:\/\/www.carlsjr.com\/\">CARL'S JR. USA<\/a><\/h1>\t\t\t\t<\/div>\n\t\t\t\t<\/div>\n\t\t\t\t\t<\/div>\n\t\t<\/div>\n\t\t\t\t<div class=\"elementor-column elementor-col-25 elementor-top-column elementor-element elementor-element-19d01ff\" data-id=\"19d01ff\" data-element_type=\"column\" data-e-type=\"column\">\n\t\t\t<div class=\"elementor-widget-wrap elementor-element-populated\">\n\t\t\t\t\t\t<div class=\"elementor-element elementor-element-5cacf566 elementor-widget elementor-widget-heading\" data-id=\"5cacf566\" data-element_type=\"widget\" data-e-type=\"widget\" data-widget_type=\"heading.default\">\n\t\t\t\t<div class=\"elementor-widget-container\">\n\t\t\t\t\t<h1 class=\"elementor-heading-title elementor-size-medium\"><a href=\"https:\/\/carlsjr.com.mx\/\">CARL'S JR. M\u00c9XICO<\/a><\/h1>\t\t\t\t<\/div>\n\t\t\t\t<\/div>\n\t\t\t\t\t<\/div>\n\t\t<\/div>\n\t\t\t\t<div class=\"elementor-column elementor-col-25 elementor-top-column elementor-element elementor-element-60760e90\" data-id=\"60760e90\" data-element_type=\"column\" data-e-type=\"column\">\n\t\t\t<div class=\"elementor-widget-wrap elementor-element-populated\">\n\t\t\t\t\t\t<div class=\"elementor-element elementor-element-70d2b29 elementor-widget elementor-widget-heading\" data-id=\"70d2b29\" data-element_type=\"widget\" data-e-type=\"widget\" data-widget_type=\"heading.default\">\n\t\t\t\t<div class=\"elementor-widget-container\">\n\t\t\t\t\t<h1 class=\"elementor-heading-title elementor-size-medium\"><a href=\"https:\/\/dragonfoods.com.mx\/pag_ant\/privacy-policy\/\">AVISO DE PRIVACIDAD<\/a><\/h1>\t\t\t\t<\/div>\n\t\t\t\t<\/div>\n\t\t\t\t\t<\/div>\n\t\t<\/div>\n\t\t\t\t\t<\/div>\n\t\t<\/section>\n\t\t\t\t<\/div>\n\t\t","protected":false},"excerpt":{"rendered":"<p>FACTURACI\u00d3N GENERAR FACTURA Por ser este un Sistemas de Facturaci\u00f3n Autom\u00e1tica, no es posible realizar cancelaciones y\/o refacturaciones. Facturaci\u00f3n \u00fanicamente dentro del mes de consumo FACTURAR AYUDA Si la Sucursal en donde realizo su consumo no se encuentra en nuestro listado de sucursales, de clic en el siguiente enlace:https:\/\/carlsjr.com.mx\/ \u00bfC\u00d3MO GENERO MI FACTURA? \u00bfC\u00d3MO RECUPERO [&hellip;]<\/p>\n","protected":false},"author":1,"featured_media":0,"parent":0,"menu_order":0,"comment_status":"closed","ping_status":"closed","template":"","meta":{"footnotes":""},"class_list":["post-2780","page","type-page","status-publish","hentry"],"yoast_head":"<!-- This site is optimized with the Yoast SEO plugin v27.5 - https:\/\/yoast.com\/product\/yoast-seo-wordpress\/ -->\n<title>Facturaci\u00f3n - Dragon Foods<\/title>\n<meta name=\"robots\" content=\"index, follow, max-snippet:-1, max-image-preview:large, max-video-preview:-1\" \/>\n<link rel=\"canonical\" href=\"https:\/\/dragonfoods.com.mx\/CarlsJr\/facturacion\/\" \/>\n<meta property=\"og:locale\" content=\"es_ES\" \/>\n<meta property=\"og:type\" content=\"article\" \/>\n<meta property=\"og:title\" content=\"Facturaci\u00f3n - Dragon Foods\" \/>\n<meta property=\"og:description\" content=\"FACTURACI\u00d3N GENERAR FACTURA Por ser este un Sistemas de Facturaci\u00f3n Autom\u00e1tica, no es posible realizar cancelaciones y\/o refacturaciones. Facturaci\u00f3n \u00fanicamente dentro del mes de consumo FACTURAR AYUDA Si la Sucursal en donde realizo su consumo no se encuentra en nuestro listado de sucursales, de clic en el siguiente enlace:https:\/\/carlsjr.com.mx\/ \u00bfC\u00d3MO GENERO MI FACTURA? \u00bfC\u00d3MO RECUPERO [&hellip;]\" \/>\n<meta property=\"og:url\" content=\"https:\/\/dragonfoods.com.mx\/CarlsJr\/facturacion\/\" \/>\n<meta property=\"og:site_name\" content=\"Dragon Foods\" \/>\n<meta property=\"article:modified_time\" content=\"2025-10-14T19:23:55+00:00\" \/>\n<meta name=\"twitter:card\" content=\"summary_large_image\" \/>\n<meta name=\"twitter:label1\" content=\"Tiempo de lectura\" \/>\n\t<meta name=\"twitter:data1\" content=\"1 minuto\" \/>\n<script type=\"application\/ld+json\" class=\"yoast-schema-graph\">{\"@context\":\"https:\\\/\\\/schema.org\",\"@graph\":[{\"@type\":\"WebPage\",\"@id\":\"https:\\\/\\\/dragonfoods.com.mx\\\/CarlsJr\\\/facturacion\\\/\",\"url\":\"https:\\\/\\\/dragonfoods.com.mx\\\/CarlsJr\\\/facturacion\\\/\",\"name\":\"Facturaci\u00f3n - Dragon Foods\",\"isPartOf\":{\"@id\":\"https:\\\/\\\/dragonfoods.com.mx\\\/CarlsJr\\\/#website\"},\"datePublished\":\"2022-05-03T21:30:54+00:00\",\"dateModified\":\"2025-10-14T19:23:55+00:00\",\"breadcrumb\":{\"@id\":\"https:\\\/\\\/dragonfoods.com.mx\\\/CarlsJr\\\/facturacion\\\/#breadcrumb\"},\"inLanguage\":\"es\",\"potentialAction\":[{\"@type\":\"ReadAction\",\"target\":[\"https:\\\/\\\/dragonfoods.com.mx\\\/CarlsJr\\\/facturacion\\\/\"]}]},{\"@type\":\"BreadcrumbList\",\"@id\":\"https:\\\/\\\/dragonfoods.com.mx\\\/CarlsJr\\\/facturacion\\\/#breadcrumb\",\"itemListElement\":[{\"@type\":\"ListItem\",\"position\":1,\"name\":\"Portada\",\"item\":\"https:\\\/\\\/dragonfoods.com.mx\\\/CarlsJr\\\/\"},{\"@type\":\"ListItem\",\"position\":2,\"name\":\"Facturaci\u00f3n\"}]},{\"@type\":\"WebSite\",\"@id\":\"https:\\\/\\\/dragonfoods.com.mx\\\/CarlsJr\\\/#website\",\"url\":\"https:\\\/\\\/dragonfoods.com.mx\\\/CarlsJr\\\/\",\"name\":\"Dragon Foods\",\"description\":\"\",\"publisher\":{\"@id\":\"https:\\\/\\\/dragonfoods.com.mx\\\/CarlsJr\\\/#organization\"},\"potentialAction\":[{\"@type\":\"SearchAction\",\"target\":{\"@type\":\"EntryPoint\",\"urlTemplate\":\"https:\\\/\\\/dragonfoods.com.mx\\\/CarlsJr\\\/?s={search_term_string}\"},\"query-input\":{\"@type\":\"PropertyValueSpecification\",\"valueRequired\":true,\"valueName\":\"search_term_string\"}}],\"inLanguage\":\"es\"},{\"@type\":\"Organization\",\"@id\":\"https:\\\/\\\/dragonfoods.com.mx\\\/CarlsJr\\\/#organization\",\"name\":\"Dragon Foods\",\"url\":\"https:\\\/\\\/dragonfoods.com.mx\\\/CarlsJr\\\/\",\"logo\":{\"@type\":\"ImageObject\",\"inLanguage\":\"es\",\"@id\":\"https:\\\/\\\/dragonfoods.com.mx\\\/CarlsJr\\\/#\\\/schema\\\/logo\\\/image\\\/\",\"url\":\"https:\\\/\\\/dragonfoods.com.mx\\\/CarlsJr\\\/wp-content\\\/uploads\\\/2020\\\/09\\\/dragon.png\",\"contentUrl\":\"https:\\\/\\\/dragonfoods.com.mx\\\/CarlsJr\\\/wp-content\\\/uploads\\\/2020\\\/09\\\/dragon.png\",\"width\":512,\"height\":512,\"caption\":\"Dragon Foods\"},\"image\":{\"@id\":\"https:\\\/\\\/dragonfoods.com.mx\\\/CarlsJr\\\/#\\\/schema\\\/logo\\\/image\\\/\"}}]}<\/script>\n<!-- \/ Yoast SEO plugin. -->","yoast_head_json":{"title":"Facturaci\u00f3n - Dragon Foods","robots":{"index":"index","follow":"follow","max-snippet":"max-snippet:-1","max-image-preview":"max-image-preview:large","max-video-preview":"max-video-preview:-1"},"canonical":"https:\/\/dragonfoods.com.mx\/CarlsJr\/facturacion\/","og_locale":"es_ES","og_type":"article","og_title":"Facturaci\u00f3n - Dragon Foods","og_description":"FACTURACI\u00d3N GENERAR FACTURA Por ser este un Sistemas de Facturaci\u00f3n Autom\u00e1tica, no es posible realizar cancelaciones y\/o refacturaciones. Facturaci\u00f3n \u00fanicamente dentro del mes de consumo FACTURAR AYUDA Si la Sucursal en donde realizo su consumo no se encuentra en nuestro listado de sucursales, de clic en el siguiente enlace:https:\/\/carlsjr.com.mx\/ \u00bfC\u00d3MO GENERO MI FACTURA? \u00bfC\u00d3MO RECUPERO [&hellip;]","og_url":"https:\/\/dragonfoods.com.mx\/CarlsJr\/facturacion\/","og_site_name":"Dragon Foods","article_modified_time":"2025-10-14T19:23:55+00:00","twitter_card":"summary_large_image","twitter_misc":{"Tiempo de lectura":"1 minuto"},"schema":{"@context":"https:\/\/schema.org","@graph":[{"@type":"WebPage","@id":"https:\/\/dragonfoods.com.mx\/CarlsJr\/facturacion\/","url":"https:\/\/dragonfoods.com.mx\/CarlsJr\/facturacion\/","name":"Facturaci\u00f3n - Dragon Foods","isPartOf":{"@id":"https:\/\/dragonfoods.com.mx\/CarlsJr\/#website"},"datePublished":"2022-05-03T21:30:54+00:00","dateModified":"2025-10-14T19:23:55+00:00","breadcrumb":{"@id":"https:\/\/dragonfoods.com.mx\/CarlsJr\/facturacion\/#breadcrumb"},"inLanguage":"es","potentialAction":[{"@type":"ReadAction","target":["https:\/\/dragonfoods.com.mx\/CarlsJr\/facturacion\/"]}]},{"@type":"BreadcrumbList","@id":"https:\/\/dragonfoods.com.mx\/CarlsJr\/facturacion\/#breadcrumb","itemListElement":[{"@type":"ListItem","position":1,"name":"Portada","item":"https:\/\/dragonfoods.com.mx\/CarlsJr\/"},{"@type":"ListItem","position":2,"name":"Facturaci\u00f3n"}]},{"@type":"WebSite","@id":"https:\/\/dragonfoods.com.mx\/CarlsJr\/#website","url":"https:\/\/dragonfoods.com.mx\/CarlsJr\/","name":"Dragon Foods","description":"","publisher":{"@id":"https:\/\/dragonfoods.com.mx\/CarlsJr\/#organization"},"potentialAction":[{"@type":"SearchAction","target":{"@type":"EntryPoint","urlTemplate":"https:\/\/dragonfoods.com.mx\/CarlsJr\/?s={search_term_string}"},"query-input":{"@type":"PropertyValueSpecification","valueRequired":true,"valueName":"search_term_string"}}],"inLanguage":"es"},{"@type":"Organization","@id":"https:\/\/dragonfoods.com.mx\/CarlsJr\/#organization","name":"Dragon Foods","url":"https:\/\/dragonfoods.com.mx\/CarlsJr\/","logo":{"@type":"ImageObject","inLanguage":"es","@id":"https:\/\/dragonfoods.com.mx\/CarlsJr\/#\/schema\/logo\/image\/","url":"https:\/\/dragonfoods.com.mx\/CarlsJr\/wp-content\/uploads\/2020\/09\/dragon.png","contentUrl":"https:\/\/dragonfoods.com.mx\/CarlsJr\/wp-content\/uploads\/2020\/09\/dragon.png","width":512,"height":512,"caption":"Dragon Foods"},"image":{"@id":"https:\/\/dragonfoods.com.mx\/CarlsJr\/#\/schema\/logo\/image\/"}}]}},"_links":{"self":[{"href":"https:\/\/dragonfoods.com.mx\/CarlsJr\/wp-json\/wp\/v2\/pages\/2780","targetHints":{"allow":["GET"]}}],"collection":[{"href":"https:\/\/dragonfoods.com.mx\/CarlsJr\/wp-json\/wp\/v2\/pages"}],"about":[{"href":"https:\/\/dragonfoods.com.mx\/CarlsJr\/wp-json\/wp\/v2\/types\/page"}],"author":[{"embeddable":true,"href":"https:\/\/dragonfoods.com.mx\/CarlsJr\/wp-json\/wp\/v2\/users\/1"}],"replies":[{"embeddable":true,"href":"https:\/\/dragonfoods.com.mx\/CarlsJr\/wp-json\/wp\/v2\/comments?post=2780"}],"version-history":[{"count":45,"href":"https:\/\/dragonfoods.com.mx\/CarlsJr\/wp-json\/wp\/v2\/pages\/2780\/revisions"}],"predecessor-version":[{"id":3976,"href":"https:\/\/dragonfoods.com.mx\/CarlsJr\/wp-json\/wp\/v2\/pages\/2780\/revisions\/3976"}],"wp:attachment":[{"href":"https:\/\/dragonfoods.com.mx\/CarlsJr\/wp-json\/wp\/v2\/media?parent=2780"}],"curies":[{"name":"wp","href":"https:\/\/api.w.org\/{rel}","templated":true}]}}