{"id":2923,"date":"2022-05-17T17:54:06","date_gmt":"2022-05-17T22:54:06","guid":{"rendered":"https:\/\/dragonfoods.com.mx\/CarlsJr\/?page_id=2923"},"modified":"2025-05-02T12:57:49","modified_gmt":"2025-05-02T18:57:49","slug":"cuponera-especial","status":"publish","type":"page","link":"https:\/\/dragonfoods.com.mx\/CarlsJr\/cuponera-especial\/","title":{"rendered":"Cuponera Especial (Cupones Five Star)"},"content":{"rendered":"\t\t<div data-elementor-type=\"wp-page\" data-elementor-id=\"2923\" class=\"elementor elementor-2923\">\n\t\t\t\t\t\t<section class=\"elementor-section elementor-top-section elementor-element elementor-element-606536e elementor-section-full_width elementor-section-stretched elementor-section-height-default elementor-section-height-default\" data-id=\"606536e\" data-element_type=\"section\" data-e-type=\"section\" data-settings=\"{&quot;stretch_section&quot;:&quot;section-stretched&quot;}\">\n\t\t\t\t\t\t<div class=\"elementor-container elementor-column-gap-default\">\n\t\t\t\t\t<div class=\"elementor-column elementor-col-100 elementor-top-column elementor-element elementor-element-55ad8f1\" data-id=\"55ad8f1\" data-element_type=\"column\" data-e-type=\"column\">\n\t\t\t<div class=\"elementor-widget-wrap elementor-element-populated\">\n\t\t\t\t\t\t<div class=\"elementor-element elementor-element-c507b40 elementor-widget elementor-widget-image\" data-id=\"c507b40\" data-element_type=\"widget\" data-e-type=\"widget\" data-widget_type=\"image.default\">\n\t\t\t\t<div class=\"elementor-widget-container\">\n\t\t\t\t\t\t\t\t\t\t\t\t\t\t\t<img fetchpriority=\"high\" decoding=\"async\" width=\"768\" height=\"768\" src=\"https:\/\/dragonfoods.com.mx\/CarlsJr\/wp-content\/uploads\/2022\/05\/LogoCarls_1600x1600-768x768.png\" class=\"attachment-medium_large size-medium_large wp-image-2748\" alt=\"\" srcset=\"https:\/\/dragonfoods.com.mx\/CarlsJr\/wp-content\/uploads\/2022\/05\/LogoCarls_1600x1600-768x768.png 768w, https:\/\/dragonfoods.com.mx\/CarlsJr\/wp-content\/uploads\/2022\/05\/LogoCarls_1600x1600-300x300.png 300w, https:\/\/dragonfoods.com.mx\/CarlsJr\/wp-content\/uploads\/2022\/05\/LogoCarls_1600x1600-1024x1024.png 1024w, https:\/\/dragonfoods.com.mx\/CarlsJr\/wp-content\/uploads\/2022\/05\/LogoCarls_1600x1600-150x150.png 150w, https:\/\/dragonfoods.com.mx\/CarlsJr\/wp-content\/uploads\/2022\/05\/LogoCarls_1600x1600-1536x1536.png 1536w, https:\/\/dragonfoods.com.mx\/CarlsJr\/wp-content\/uploads\/2022\/05\/LogoCarls_1600x1600-66x66.png 66w, https:\/\/dragonfoods.com.mx\/CarlsJr\/wp-content\/uploads\/2022\/05\/LogoCarls_1600x1600-200x200.png 200w, https:\/\/dragonfoods.com.mx\/CarlsJr\/wp-content\/uploads\/2022\/05\/LogoCarls_1600x1600-400x400.png 400w, https:\/\/dragonfoods.com.mx\/CarlsJr\/wp-content\/uploads\/2022\/05\/LogoCarls_1600x1600-600x600.png 600w, https:\/\/dragonfoods.com.mx\/CarlsJr\/wp-content\/uploads\/2022\/05\/LogoCarls_1600x1600-800x800.png 800w, https:\/\/dragonfoods.com.mx\/CarlsJr\/wp-content\/uploads\/2022\/05\/LogoCarls_1600x1600-1200x1200.png 1200w, https:\/\/dragonfoods.com.mx\/CarlsJr\/wp-content\/uploads\/2022\/05\/LogoCarls_1600x1600.png 1600w\" sizes=\"(max-width: 768px) 100vw, 768px\" \/>\t\t\t\t\t\t\t\t\t\t\t\t\t\t\t<\/div>\n\t\t\t\t<\/div>\n\t\t\t\t\t<\/div>\n\t\t<\/div>\n\t\t\t\t\t<\/div>\n\t\t<\/section>\n\t\t\t\t<section class=\"elementor-section elementor-top-section elementor-element elementor-element-32a43c8 elementor-section-boxed elementor-section-height-default elementor-section-height-default\" data-id=\"32a43c8\" data-element_type=\"section\" data-e-type=\"section\">\n\t\t\t\t\t\t<div class=\"elementor-container elementor-column-gap-default\">\n\t\t\t\t\t<div class=\"elementor-column elementor-col-100 elementor-top-column elementor-element elementor-element-da4f9ec\" data-id=\"da4f9ec\" data-element_type=\"column\" data-e-type=\"column\">\n\t\t\t<div class=\"elementor-widget-wrap elementor-element-populated\">\n\t\t\t\t\t\t<div class=\"elementor-element elementor-element-510a893 elementor-widget elementor-widget-image\" data-id=\"510a893\" data-element_type=\"widget\" data-e-type=\"widget\" data-widget_type=\"image.default\">\n\t\t\t\t<div class=\"elementor-widget-container\">\n\t\t\t\t\t\t\t\t\t\t\t\t\t\t\t<img decoding=\"async\" width=\"1024\" height=\"1024\" src=\"https:\/\/dragonfoods.com.mx\/CarlsJr\/wp-content\/uploads\/2025\/05\/20DescTicketTotal-1024x1024.jpg\" class=\"attachment-large size-large wp-image-3922\" alt=\"\" srcset=\"https:\/\/dragonfoods.com.mx\/CarlsJr\/wp-content\/uploads\/2025\/05\/20DescTicketTotal-1024x1024.jpg 1024w, https:\/\/dragonfoods.com.mx\/CarlsJr\/wp-content\/uploads\/2025\/05\/20DescTicketTotal-300x300.jpg 300w, https:\/\/dragonfoods.com.mx\/CarlsJr\/wp-content\/uploads\/2025\/05\/20DescTicketTotal-150x150.jpg 150w, https:\/\/dragonfoods.com.mx\/CarlsJr\/wp-content\/uploads\/2025\/05\/20DescTicketTotal-768x768.jpg 768w, https:\/\/dragonfoods.com.mx\/CarlsJr\/wp-content\/uploads\/2025\/05\/20DescTicketTotal-1536x1536.jpg 1536w, https:\/\/dragonfoods.com.mx\/CarlsJr\/wp-content\/uploads\/2025\/05\/20DescTicketTotal.jpg 1600w\" sizes=\"(max-width: 1024px) 100vw, 1024px\" \/>\t\t\t\t\t\t\t\t\t\t\t\t\t\t\t<\/div>\n\t\t\t\t<\/div>\n\t\t\t\t\t<\/div>\n\t\t<\/div>\n\t\t\t\t\t<\/div>\n\t\t<\/section>\n\t\t\t\t<section class=\"elementor-section elementor-top-section elementor-element elementor-element-eaf9dba elementor-section-full_width elementor-section-stretched elementor-section-height-default elementor-section-height-default\" data-id=\"eaf9dba\" data-element_type=\"section\" data-e-type=\"section\" data-settings=\"{&quot;stretch_section&quot;:&quot;section-stretched&quot;}\">\n\t\t\t\t\t\t<div class=\"elementor-container elementor-column-gap-default\">\n\t\t\t\t\t<div class=\"elementor-column elementor-col-100 elementor-top-column elementor-element elementor-element-2309270\" data-id=\"2309270\" data-element_type=\"column\" data-e-type=\"column\">\n\t\t\t<div class=\"elementor-widget-wrap elementor-element-populated\">\n\t\t\t\t\t\t<div class=\"elementor-element elementor-element-80f9df5 elementor-align-center elementor-widget elementor-widget-button\" data-id=\"80f9df5\" data-element_type=\"widget\" data-e-type=\"widget\" data-widget_type=\"button.default\">\n\t\t\t\t<div class=\"elementor-widget-container\">\n\t\t\t\t\t\t\t\t\t<div class=\"elementor-button-wrapper\">\n\t\t\t\t\t<a class=\"elementor-button elementor-button-link elementor-size-sm elementor-animation-grow\" href=\"https:\/\/dragonfoods.com.mx\/pag_ant\/sucursales\/\">\n\t\t\t\t\t\t<span class=\"elementor-button-content-wrapper\">\n\t\t\t\t\t\t\t\t\t<span class=\"elementor-button-text\">CONSULTA SUCURSALES PARTICIPANTES AQU\u00cd<\/span>\n\t\t\t\t\t<\/span>\n\t\t\t\t\t<\/a>\n\t\t\t\t<\/div>\n\t\t\t\t\t\t\t\t<\/div>\n\t\t\t\t<\/div>\n\t\t\t\t\t<\/div>\n\t\t<\/div>\n\t\t\t\t\t<\/div>\n\t\t<\/section>\n\t\t\t\t<section class=\"elementor-section elementor-top-section elementor-element elementor-element-2038d769 elementor-section-content-middle elementor-section-full_width elementor-section-stretched elementor-section-height-default elementor-section-height-default\" data-id=\"2038d769\" data-element_type=\"section\" data-e-type=\"section\" data-settings=\"{&quot;background_background&quot;:&quot;classic&quot;,&quot;stretch_section&quot;:&quot;section-stretched&quot;}\">\n\t\t\t\t\t\t<div class=\"elementor-container elementor-column-gap-no\">\n\t\t\t\t\t<div class=\"elementor-column elementor-col-100 elementor-top-column elementor-element elementor-element-58389b86\" data-id=\"58389b86\" data-element_type=\"column\" data-e-type=\"column\">\n\t\t\t<div class=\"elementor-widget-wrap elementor-element-populated\">\n\t\t\t\t\t\t<div class=\"elementor-element elementor-element-3aa46b24 elementor-widget elementor-widget-heading\" data-id=\"3aa46b24\" data-element_type=\"widget\" data-e-type=\"widget\" data-widget_type=\"heading.default\">\n\t\t\t\t<div class=\"elementor-widget-container\">\n\t\t\t\t\t<h6 class=\"elementor-heading-title elementor-size-default\">CONTACTO<\/h6>\t\t\t\t<\/div>\n\t\t\t\t<\/div>\n\t\t\t\t<div class=\"elementor-element elementor-element-41f520f2 elementor-widget elementor-widget-heading\" data-id=\"41f520f2\" data-element_type=\"widget\" data-e-type=\"widget\" data-widget_type=\"heading.default\">\n\t\t\t\t<div class=\"elementor-widget-container\">\n\t\t\t\t\t<h6 class=\"elementor-heading-title elementor-size-default\">55 5373 1995<\/h6>\t\t\t\t<\/div>\n\t\t\t\t<\/div>\n\t\t\t\t<div class=\"elementor-element elementor-element-35e862b0 elementor-widget elementor-widget-heading\" data-id=\"35e862b0\" data-element_type=\"widget\" data-e-type=\"widget\" data-widget_type=\"heading.default\">\n\t\t\t\t<div class=\"elementor-widget-container\">\n\t\t\t\t\t<h3 class=\"elementor-heading-title elementor-size-default\">Perif. Blvd. Manuel \u00c1vila Camacho 895, Bosques de Echegaray, 53310 Naucalpan de Ju\u00e1rez, M\u00e9x.<\/h3>\t\t\t\t<\/div>\n\t\t\t\t<\/div>\n\t\t\t\t<div class=\"elementor-element elementor-element-a7d6895 elementor-widget elementor-widget-text-editor\" data-id=\"a7d6895\" data-element_type=\"widget\" data-e-type=\"widget\" data-widget_type=\"text-editor.default\">\n\t\t\t\t<div class=\"elementor-widget-container\">\n\t\t\t\t\t\t\t\t\t<h3 data-elementor-setting-key=\"title\" data-pen-placeholder=\"Teclea aqu\u00ed...\" style=\"font-size: 25px; font-style: normal; font-weight: 300; margin-bottom: 0px; color: rgb(255, 255, 255); font-family: var( --e-global-typography-primary-font-family ), Sans-serif; text-align: center;\">Horario de atenci\u00f3n de 9:00 a 18:00 h.<\/h3>\t\t\t\t\t\t\t\t<\/div>\n\t\t\t\t<\/div>\n\t\t\t\t<div class=\"elementor-element elementor-element-31945361 elementor-widget elementor-widget-google_maps\" data-id=\"31945361\" data-element_type=\"widget\" data-e-type=\"widget\" data-widget_type=\"google_maps.default\">\n\t\t\t\t<div class=\"elementor-widget-container\">\n\t\t\t\t\t\t\t<div class=\"elementor-custom-embed\">\n\t\t\t<iframe loading=\"lazy\"\n\t\t\t\t\tsrc=\"https:\/\/maps.google.com\/maps?q=Perif.%20Blvd.%20Manuel%20%C3%81vila%20Camacho%20895%2C%20Bosques%20de%20Echegaray%2C%2053310%20Naucalpan%20de%20Ju%C3%A1rez%2C%20M%C3%A9x.&#038;t=m&#038;z=18&#038;output=embed&#038;iwloc=near\"\n\t\t\t\t\ttitle=\"Perif. Blvd. Manuel \u00c1vila Camacho 895, Bosques de Echegaray, 53310 Naucalpan de Ju\u00e1rez, M\u00e9x.\"\n\t\t\t\t\taria-label=\"Perif. Blvd. Manuel \u00c1vila Camacho 895, Bosques de Echegaray, 53310 Naucalpan de Ju\u00e1rez, M\u00e9x.\"\n\t\t\t><\/iframe>\n\t\t<\/div>\n\t\t\t\t\t\t<\/div>\n\t\t\t\t<\/div>\n\t\t\t\t<div class=\"elementor-element elementor-element-e10f556 elementor-shape-rounded elementor-grid-0 e-grid-align-center elementor-widget elementor-widget-social-icons\" data-id=\"e10f556\" data-element_type=\"widget\" data-e-type=\"widget\" data-widget_type=\"social-icons.default\">\n\t\t\t\t<div class=\"elementor-widget-container\">\n\t\t\t\t\t\t\t<div class=\"elementor-social-icons-wrapper elementor-grid\" role=\"list\">\n\t\t\t\t\t\t\t<span class=\"elementor-grid-item\" role=\"listitem\">\n\t\t\t\t\t<a class=\"elementor-icon elementor-social-icon elementor-social-icon-facebook-f elementor-animation-grow elementor-repeater-item-9c86cde\" href=\"https:\/\/www.facebook.com\/DRAGONFOODSMEXICO\" target=\"_blank\">\n\t\t\t\t\t\t<span class=\"elementor-screen-only\">Facebook-f<\/span>\n\t\t\t\t\t\t<i aria-hidden=\"true\" class=\"fab fa-facebook-f\"><\/i>\t\t\t\t\t<\/a>\n\t\t\t\t<\/span>\n\t\t\t\t\t\t\t<span class=\"elementor-grid-item\" role=\"listitem\">\n\t\t\t\t\t<a class=\"elementor-icon elementor-social-icon elementor-social-icon-instagram elementor-animation-grow elementor-repeater-item-7b9d1bc\" href=\"https:\/\/www.instagram.com\/dragonfoodsmx\" target=\"_blank\">\n\t\t\t\t\t\t<span class=\"elementor-screen-only\">Instagram<\/span>\n\t\t\t\t\t\t<i aria-hidden=\"true\" class=\"fab fa-instagram\"><\/i>\t\t\t\t\t<\/a>\n\t\t\t\t<\/span>\n\t\t\t\t\t\t\t<span class=\"elementor-grid-item\" role=\"listitem\">\n\t\t\t\t\t<a class=\"elementor-icon elementor-social-icon elementor-social-icon-youtube elementor-animation-grow elementor-repeater-item-1cfae18\" href=\"https:\/\/www.youtube.com\/channel\/UCXPb0CgcB0LznPXGtuLkFXg\" target=\"_blank\">\n\t\t\t\t\t\t<span class=\"elementor-screen-only\">Youtube<\/span>\n\t\t\t\t\t\t<i aria-hidden=\"true\" class=\"fab fa-youtube\"><\/i>\t\t\t\t\t<\/a>\n\t\t\t\t<\/span>\n\t\t\t\t\t<\/div>\n\t\t\t\t\t\t<\/div>\n\t\t\t\t<\/div>\n\t\t\t\t\t<\/div>\n\t\t<\/div>\n\t\t\t\t\t<\/div>\n\t\t<\/section>\n\t\t\t\t<section class=\"elementor-section elementor-top-section elementor-element elementor-element-2100701f elementor-section-full_width elementor-section-stretched elementor-section-height-default elementor-section-height-default\" data-id=\"2100701f\" data-element_type=\"section\" data-e-type=\"section\" data-settings=\"{&quot;stretch_section&quot;:&quot;section-stretched&quot;,&quot;background_background&quot;:&quot;classic&quot;}\">\n\t\t\t\t\t\t<div class=\"elementor-container elementor-column-gap-default\">\n\t\t\t\t\t<div class=\"elementor-column elementor-col-100 elementor-top-column elementor-element elementor-element-262c0218\" data-id=\"262c0218\" data-element_type=\"column\" data-e-type=\"column\">\n\t\t\t<div class=\"elementor-widget-wrap elementor-element-populated\">\n\t\t\t\t\t\t<div class=\"elementor-element elementor-element-4fc15e9a elementor-widget-divider--view-line elementor-widget elementor-widget-divider\" data-id=\"4fc15e9a\" data-element_type=\"widget\" data-e-type=\"widget\" data-widget_type=\"divider.default\">\n\t\t\t\t<div class=\"elementor-widget-container\">\n\t\t\t\t\t\t\t<div class=\"elementor-divider\">\n\t\t\t<span class=\"elementor-divider-separator\">\n\t\t\t\t\t\t<\/span>\n\t\t<\/div>\n\t\t\t\t\t\t<\/div>\n\t\t\t\t<\/div>\n\t\t\t\t\t<\/div>\n\t\t<\/div>\n\t\t\t\t\t<\/div>\n\t\t<\/section>\n\t\t\t\t<section class=\"elementor-section elementor-top-section elementor-element elementor-element-72bb7e05 elementor-section-full_width elementor-section-stretched elementor-section-height-default elementor-section-height-default\" data-id=\"72bb7e05\" data-element_type=\"section\" data-e-type=\"section\" data-settings=\"{&quot;stretch_section&quot;:&quot;section-stretched&quot;,&quot;background_background&quot;:&quot;classic&quot;}\">\n\t\t\t\t\t\t<div class=\"elementor-container elementor-column-gap-default\">\n\t\t\t\t\t<div class=\"elementor-column elementor-col-25 elementor-top-column elementor-element elementor-element-7953c9ea\" data-id=\"7953c9ea\" data-element_type=\"column\" data-e-type=\"column\">\n\t\t\t<div class=\"elementor-widget-wrap elementor-element-populated\">\n\t\t\t\t\t\t<div class=\"elementor-element elementor-element-6ba6c254 elementor-widget elementor-widget-heading\" data-id=\"6ba6c254\" data-element_type=\"widget\" data-e-type=\"widget\" data-widget_type=\"heading.default\">\n\t\t\t\t<div class=\"elementor-widget-container\">\n\t\t\t\t\t<h1 class=\"elementor-heading-title elementor-size-medium\"><a href=\"https:\/\/dragonfoods.com.mx\/pag_ant\/facturacion\/\">FACTURACI\u00d3N<\/a><\/h1>\t\t\t\t<\/div>\n\t\t\t\t<\/div>\n\t\t\t\t\t<\/div>\n\t\t<\/div>\n\t\t\t\t<div class=\"elementor-column elementor-col-25 elementor-top-column elementor-element elementor-element-666fc663\" data-id=\"666fc663\" data-element_type=\"column\" data-e-type=\"column\">\n\t\t\t<div class=\"elementor-widget-wrap elementor-element-populated\">\n\t\t\t\t\t\t<div class=\"elementor-element elementor-element-2353723b elementor-widget elementor-widget-heading\" data-id=\"2353723b\" data-element_type=\"widget\" data-e-type=\"widget\" data-widget_type=\"heading.default\">\n\t\t\t\t<div class=\"elementor-widget-container\">\n\t\t\t\t\t<h1 class=\"elementor-heading-title elementor-size-medium\"><a href=\"https:\/\/www.carlsjr.com\/\">CARL'S JR. USA<\/a><\/h1>\t\t\t\t<\/div>\n\t\t\t\t<\/div>\n\t\t\t\t\t<\/div>\n\t\t<\/div>\n\t\t\t\t<div class=\"elementor-column elementor-col-25 elementor-top-column elementor-element elementor-element-38bb2262\" data-id=\"38bb2262\" data-element_type=\"column\" data-e-type=\"column\">\n\t\t\t<div class=\"elementor-widget-wrap elementor-element-populated\">\n\t\t\t\t\t\t<div class=\"elementor-element elementor-element-237b4acd elementor-widget elementor-widget-heading\" data-id=\"237b4acd\" data-element_type=\"widget\" data-e-type=\"widget\" data-widget_type=\"heading.default\">\n\t\t\t\t<div class=\"elementor-widget-container\">\n\t\t\t\t\t<h1 class=\"elementor-heading-title elementor-size-medium\"><a href=\"https:\/\/carlsjr.com.mx\/\">CARL'S JR. M\u00c9XICO<\/a><\/h1>\t\t\t\t<\/div>\n\t\t\t\t<\/div>\n\t\t\t\t\t<\/div>\n\t\t<\/div>\n\t\t\t\t<div class=\"elementor-column elementor-col-25 elementor-top-column elementor-element elementor-element-51cb3b1a\" data-id=\"51cb3b1a\" data-element_type=\"column\" data-e-type=\"column\">\n\t\t\t<div class=\"elementor-widget-wrap elementor-element-populated\">\n\t\t\t\t\t\t<div class=\"elementor-element elementor-element-3ecc5323 elementor-widget elementor-widget-heading\" data-id=\"3ecc5323\" data-element_type=\"widget\" data-e-type=\"widget\" data-widget_type=\"heading.default\">\n\t\t\t\t<div class=\"elementor-widget-container\">\n\t\t\t\t\t<h1 class=\"elementor-heading-title elementor-size-medium\"><a href=\"https:\/\/dragonfoods.com.mx\/pag_ant\/privacy-policy\/\">AVISO DE PRIVACIDAD<\/a><\/h1>\t\t\t\t<\/div>\n\t\t\t\t<\/div>\n\t\t\t\t\t<\/div>\n\t\t<\/div>\n\t\t\t\t\t<\/div>\n\t\t<\/section>\n\t\t\t\t<\/div>\n\t\t","protected":false},"excerpt":{"rendered":"<p>CONSULTA SUCURSALES PARTICIPANTES AQU\u00cd CONTACTO 55 5373 1995 Perif. Blvd. Manuel \u00c1vila Camacho 895, Bosques de Echegaray, 53310 Naucalpan de Ju\u00e1rez, M\u00e9x. Horario de atenci\u00f3n de 9:00 a 18:00 h. Facebook-f Instagram Youtube FACTURACI\u00d3N CARL&#8217;S JR. USA CARL&#8217;S JR. M\u00c9XICO AVISO DE PRIVACIDAD<\/p>\n","protected":false},"author":1,"featured_media":0,"parent":0,"menu_order":0,"comment_status":"closed","ping_status":"closed","template":"","meta":{"footnotes":""},"class_list":["post-2923","page","type-page","status-publish","hentry"],"yoast_head":"<!-- This site is optimized with the Yoast SEO plugin v27.3 - https:\/\/yoast.com\/product\/yoast-seo-wordpress\/ -->\n<title>Cuponera Especial (Cupones Five Star) - Dragon Foods<\/title>\n<meta name=\"robots\" content=\"index, follow, max-snippet:-1, max-image-preview:large, max-video-preview:-1\" \/>\n<link rel=\"canonical\" href=\"https:\/\/dragonfoods.com.mx\/CarlsJr\/cuponera-especial\/\" \/>\n<meta property=\"og:locale\" content=\"es_ES\" \/>\n<meta property=\"og:type\" content=\"article\" \/>\n<meta property=\"og:title\" content=\"Cuponera Especial (Cupones Five Star) - Dragon Foods\" \/>\n<meta property=\"og:description\" content=\"CONSULTA SUCURSALES PARTICIPANTES AQU\u00cd CONTACTO 55 5373 1995 Perif. Blvd. Manuel \u00c1vila Camacho 895, Bosques de Echegaray, 53310 Naucalpan de Ju\u00e1rez, M\u00e9x. Horario de atenci\u00f3n de 9:00 a 18:00 h. Facebook-f Instagram Youtube FACTURACI\u00d3N CARL&#8217;S JR. USA CARL&#8217;S JR. M\u00c9XICO AVISO DE PRIVACIDAD\" \/>\n<meta property=\"og:url\" content=\"https:\/\/dragonfoods.com.mx\/CarlsJr\/cuponera-especial\/\" \/>\n<meta property=\"og:site_name\" content=\"Dragon Foods\" \/>\n<meta property=\"article:modified_time\" content=\"2025-05-02T18:57:49+00:00\" \/>\n<meta property=\"og:image\" content=\"https:\/\/dragonfoods.com.mx\/pag_ant\/wp-content\/uploads\/2022\/05\/LogoCarls_1600x1600-768x768.png\" \/>\n<meta name=\"twitter:card\" content=\"summary_large_image\" \/>\n<meta name=\"twitter:label1\" content=\"Tiempo de lectura\" \/>\n\t<meta name=\"twitter:data1\" content=\"1 minuto\" \/>\n<script type=\"application\/ld+json\" class=\"yoast-schema-graph\">{\"@context\":\"https:\\\/\\\/schema.org\",\"@graph\":[{\"@type\":\"WebPage\",\"@id\":\"https:\\\/\\\/dragonfoods.com.mx\\\/CarlsJr\\\/cuponera-especial\\\/\",\"url\":\"https:\\\/\\\/dragonfoods.com.mx\\\/CarlsJr\\\/cuponera-especial\\\/\",\"name\":\"Cuponera Especial (Cupones Five Star) - Dragon Foods\",\"isPartOf\":{\"@id\":\"https:\\\/\\\/dragonfoods.com.mx\\\/CarlsJr\\\/#website\"},\"primaryImageOfPage\":{\"@id\":\"https:\\\/\\\/dragonfoods.com.mx\\\/CarlsJr\\\/cuponera-especial\\\/#primaryimage\"},\"image\":{\"@id\":\"https:\\\/\\\/dragonfoods.com.mx\\\/CarlsJr\\\/cuponera-especial\\\/#primaryimage\"},\"thumbnailUrl\":\"https:\\\/\\\/dragonfoods.com.mx\\\/pag_ant\\\/wp-content\\\/uploads\\\/2022\\\/05\\\/LogoCarls_1600x1600-768x768.png\",\"datePublished\":\"2022-05-17T22:54:06+00:00\",\"dateModified\":\"2025-05-02T18:57:49+00:00\",\"breadcrumb\":{\"@id\":\"https:\\\/\\\/dragonfoods.com.mx\\\/CarlsJr\\\/cuponera-especial\\\/#breadcrumb\"},\"inLanguage\":\"es\",\"potentialAction\":[{\"@type\":\"ReadAction\",\"target\":[\"https:\\\/\\\/dragonfoods.com.mx\\\/CarlsJr\\\/cuponera-especial\\\/\"]}]},{\"@type\":\"ImageObject\",\"inLanguage\":\"es\",\"@id\":\"https:\\\/\\\/dragonfoods.com.mx\\\/CarlsJr\\\/cuponera-especial\\\/#primaryimage\",\"url\":\"https:\\\/\\\/dragonfoods.com.mx\\\/pag_ant\\\/wp-content\\\/uploads\\\/2022\\\/05\\\/LogoCarls_1600x1600-768x768.png\",\"contentUrl\":\"https:\\\/\\\/dragonfoods.com.mx\\\/pag_ant\\\/wp-content\\\/uploads\\\/2022\\\/05\\\/LogoCarls_1600x1600-768x768.png\"},{\"@type\":\"BreadcrumbList\",\"@id\":\"https:\\\/\\\/dragonfoods.com.mx\\\/CarlsJr\\\/cuponera-especial\\\/#breadcrumb\",\"itemListElement\":[{\"@type\":\"ListItem\",\"position\":1,\"name\":\"Portada\",\"item\":\"https:\\\/\\\/dragonfoods.com.mx\\\/CarlsJr\\\/\"},{\"@type\":\"ListItem\",\"position\":2,\"name\":\"Cuponera Especial (Cupones Five Star)\"}]},{\"@type\":\"WebSite\",\"@id\":\"https:\\\/\\\/dragonfoods.com.mx\\\/CarlsJr\\\/#website\",\"url\":\"https:\\\/\\\/dragonfoods.com.mx\\\/CarlsJr\\\/\",\"name\":\"Dragon Foods\",\"description\":\"\",\"publisher\":{\"@id\":\"https:\\\/\\\/dragonfoods.com.mx\\\/CarlsJr\\\/#organization\"},\"potentialAction\":[{\"@type\":\"SearchAction\",\"target\":{\"@type\":\"EntryPoint\",\"urlTemplate\":\"https:\\\/\\\/dragonfoods.com.mx\\\/CarlsJr\\\/?s={search_term_string}\"},\"query-input\":{\"@type\":\"PropertyValueSpecification\",\"valueRequired\":true,\"valueName\":\"search_term_string\"}}],\"inLanguage\":\"es\"},{\"@type\":\"Organization\",\"@id\":\"https:\\\/\\\/dragonfoods.com.mx\\\/CarlsJr\\\/#organization\",\"name\":\"Dragon Foods\",\"url\":\"https:\\\/\\\/dragonfoods.com.mx\\\/CarlsJr\\\/\",\"logo\":{\"@type\":\"ImageObject\",\"inLanguage\":\"es\",\"@id\":\"https:\\\/\\\/dragonfoods.com.mx\\\/CarlsJr\\\/#\\\/schema\\\/logo\\\/image\\\/\",\"url\":\"https:\\\/\\\/dragonfoods.com.mx\\\/CarlsJr\\\/wp-content\\\/uploads\\\/2020\\\/09\\\/dragon.png\",\"contentUrl\":\"https:\\\/\\\/dragonfoods.com.mx\\\/CarlsJr\\\/wp-content\\\/uploads\\\/2020\\\/09\\\/dragon.png\",\"width\":512,\"height\":512,\"caption\":\"Dragon Foods\"},\"image\":{\"@id\":\"https:\\\/\\\/dragonfoods.com.mx\\\/CarlsJr\\\/#\\\/schema\\\/logo\\\/image\\\/\"}}]}<\/script>\n<!-- \/ Yoast SEO plugin. -->","yoast_head_json":{"title":"Cuponera Especial (Cupones Five Star) - Dragon Foods","robots":{"index":"index","follow":"follow","max-snippet":"max-snippet:-1","max-image-preview":"max-image-preview:large","max-video-preview":"max-video-preview:-1"},"canonical":"https:\/\/dragonfoods.com.mx\/CarlsJr\/cuponera-especial\/","og_locale":"es_ES","og_type":"article","og_title":"Cuponera Especial (Cupones Five Star) - Dragon Foods","og_description":"CONSULTA SUCURSALES PARTICIPANTES AQU\u00cd CONTACTO 55 5373 1995 Perif. Blvd. Manuel \u00c1vila Camacho 895, Bosques de Echegaray, 53310 Naucalpan de Ju\u00e1rez, M\u00e9x. Horario de atenci\u00f3n de 9:00 a 18:00 h. Facebook-f Instagram Youtube FACTURACI\u00d3N CARL&#8217;S JR. USA CARL&#8217;S JR. M\u00c9XICO AVISO DE PRIVACIDAD","og_url":"https:\/\/dragonfoods.com.mx\/CarlsJr\/cuponera-especial\/","og_site_name":"Dragon Foods","article_modified_time":"2025-05-02T18:57:49+00:00","og_image":[{"url":"https:\/\/dragonfoods.com.mx\/pag_ant\/wp-content\/uploads\/2022\/05\/LogoCarls_1600x1600-768x768.png","type":"","width":"","height":""}],"twitter_card":"summary_large_image","twitter_misc":{"Tiempo de lectura":"1 minuto"},"schema":{"@context":"https:\/\/schema.org","@graph":[{"@type":"WebPage","@id":"https:\/\/dragonfoods.com.mx\/CarlsJr\/cuponera-especial\/","url":"https:\/\/dragonfoods.com.mx\/CarlsJr\/cuponera-especial\/","name":"Cuponera Especial (Cupones Five Star) - Dragon Foods","isPartOf":{"@id":"https:\/\/dragonfoods.com.mx\/CarlsJr\/#website"},"primaryImageOfPage":{"@id":"https:\/\/dragonfoods.com.mx\/CarlsJr\/cuponera-especial\/#primaryimage"},"image":{"@id":"https:\/\/dragonfoods.com.mx\/CarlsJr\/cuponera-especial\/#primaryimage"},"thumbnailUrl":"https:\/\/dragonfoods.com.mx\/pag_ant\/wp-content\/uploads\/2022\/05\/LogoCarls_1600x1600-768x768.png","datePublished":"2022-05-17T22:54:06+00:00","dateModified":"2025-05-02T18:57:49+00:00","breadcrumb":{"@id":"https:\/\/dragonfoods.com.mx\/CarlsJr\/cuponera-especial\/#breadcrumb"},"inLanguage":"es","potentialAction":[{"@type":"ReadAction","target":["https:\/\/dragonfoods.com.mx\/CarlsJr\/cuponera-especial\/"]}]},{"@type":"ImageObject","inLanguage":"es","@id":"https:\/\/dragonfoods.com.mx\/CarlsJr\/cuponera-especial\/#primaryimage","url":"https:\/\/dragonfoods.com.mx\/pag_ant\/wp-content\/uploads\/2022\/05\/LogoCarls_1600x1600-768x768.png","contentUrl":"https:\/\/dragonfoods.com.mx\/pag_ant\/wp-content\/uploads\/2022\/05\/LogoCarls_1600x1600-768x768.png"},{"@type":"BreadcrumbList","@id":"https:\/\/dragonfoods.com.mx\/CarlsJr\/cuponera-especial\/#breadcrumb","itemListElement":[{"@type":"ListItem","position":1,"name":"Portada","item":"https:\/\/dragonfoods.com.mx\/CarlsJr\/"},{"@type":"ListItem","position":2,"name":"Cuponera Especial (Cupones Five Star)"}]},{"@type":"WebSite","@id":"https:\/\/dragonfoods.com.mx\/CarlsJr\/#website","url":"https:\/\/dragonfoods.com.mx\/CarlsJr\/","name":"Dragon Foods","description":"","publisher":{"@id":"https:\/\/dragonfoods.com.mx\/CarlsJr\/#organization"},"potentialAction":[{"@type":"SearchAction","target":{"@type":"EntryPoint","urlTemplate":"https:\/\/dragonfoods.com.mx\/CarlsJr\/?s={search_term_string}"},"query-input":{"@type":"PropertyValueSpecification","valueRequired":true,"valueName":"search_term_string"}}],"inLanguage":"es"},{"@type":"Organization","@id":"https:\/\/dragonfoods.com.mx\/CarlsJr\/#organization","name":"Dragon Foods","url":"https:\/\/dragonfoods.com.mx\/CarlsJr\/","logo":{"@type":"ImageObject","inLanguage":"es","@id":"https:\/\/dragonfoods.com.mx\/CarlsJr\/#\/schema\/logo\/image\/","url":"https:\/\/dragonfoods.com.mx\/CarlsJr\/wp-content\/uploads\/2020\/09\/dragon.png","contentUrl":"https:\/\/dragonfoods.com.mx\/CarlsJr\/wp-content\/uploads\/2020\/09\/dragon.png","width":512,"height":512,"caption":"Dragon Foods"},"image":{"@id":"https:\/\/dragonfoods.com.mx\/CarlsJr\/#\/schema\/logo\/image\/"}}]}},"_links":{"self":[{"href":"https:\/\/dragonfoods.com.mx\/CarlsJr\/wp-json\/wp\/v2\/pages\/2923","targetHints":{"allow":["GET"]}}],"collection":[{"href":"https:\/\/dragonfoods.com.mx\/CarlsJr\/wp-json\/wp\/v2\/pages"}],"about":[{"href":"https:\/\/dragonfoods.com.mx\/CarlsJr\/wp-json\/wp\/v2\/types\/page"}],"author":[{"embeddable":true,"href":"https:\/\/dragonfoods.com.mx\/CarlsJr\/wp-json\/wp\/v2\/users\/1"}],"replies":[{"embeddable":true,"href":"https:\/\/dragonfoods.com.mx\/CarlsJr\/wp-json\/wp\/v2\/comments?post=2923"}],"version-history":[{"count":109,"href":"https:\/\/dragonfoods.com.mx\/CarlsJr\/wp-json\/wp\/v2\/pages\/2923\/revisions"}],"predecessor-version":[{"id":3925,"href":"https:\/\/dragonfoods.com.mx\/CarlsJr\/wp-json\/wp\/v2\/pages\/2923\/revisions\/3925"}],"wp:attachment":[{"href":"https:\/\/dragonfoods.com.mx\/CarlsJr\/wp-json\/wp\/v2\/media?parent=2923"}],"curies":[{"name":"wp","href":"https:\/\/api.w.org\/{rel}","templated":true}]}}